{"id":1731,"date":"2020-07-01T18:09:58","date_gmt":"2020-07-01T18:09:58","guid":{"rendered":"https:\/\/aequa.cc\/?page_id=1731"},"modified":"2020-07-01T18:22:14","modified_gmt":"2020-07-01T18:22:14","slug":"imprint","status":"publish","type":"page","link":"https:\/\/space.aequa.cc\/de\/imprint\/","title":{"rendered":"Imprint"},"content":{"rendered":"<p>Our hosting is in Germany and the company is registered in Berlin. Therefore, legal information will be in German:<br><\/p>\n\n\n\n<p>IMPRESSUM<\/p>\n\n\n\n<p>Angaben gem\u00e4\u00df \u00a7 5 TMG:<br>aequa CC UG<br>Exerzierstr. 14<br>13357 Berlin<\/p>\n\n\n\n<p>Kontakt:<br><a href=\"mailto:hello@aequa.cc\" target=\"_blank\" rel=\"noreferrer noopener\">hello@aequa.cc<\/a><\/p>\n\n\n\n<p>Verantwortlich f\u00fcr den Inhalt nach \u00a7 55 Abs. 2 RStV:<br>Sarah Joy Lynch<br>Haftungsausschluss<\/p>\n\n\n\n<p>Es besteht keine Garantie f\u00fcr die Aktualit\u00e4t, Qualit\u00e4t, Korrektheit und Vollst\u00e4ndigkeit der Informationen auf unserer Website. Wir k\u00f6nnen f\u00fcr materielle oder immaterielle Sch\u00e4den in Zusammenhang mit der (vers\u00e4umten) Nutzung dieser Informationen nicht zur Verantwortung gezogen werden. Au\u00dferdem k\u00f6nnen wir nicht f\u00fcr Inhalte oder Links zu anderen Websites, die au\u00dferhalb unserer Verantwortung liegen, haftbar gemacht werden.<\/p>\n\n\n\n<figure class=\"wp-block-image\"><img decoding=\"async\" src=\"blob:https:\/\/web.telegram.org\/f42efae4-8f85-40c1-91e2-8a58e2df2c78\" alt=\"\"\/><\/figure>\n\n\n\n<p><a><\/a><\/p>","protected":false},"excerpt":{"rendered":"<p>Our hosting is in Germany and the company is registered in Berlin. Therefore, legal information will be in German: IMPRESSUM Angaben gem\u00e4\u00df \u00a7 5 TMG:aequa CC UGExerzierstr. 1413357 Berlin Kontakt:hello@aequa.cc Verantwortlich f\u00fcr den Inhalt nach \u00a7 55 Abs. 2 RStV:Sarah Joy LynchHaftungsausschluss Es besteht keine Garantie f\u00fcr die Aktualit\u00e4t, Qualit\u00e4t, Korrektheit und Vollst\u00e4ndigkeit der Informationen &#8230; <a title=\"Imprint\" class=\"read-more\" href=\"https:\/\/space.aequa.cc\/de\/imprint\/\" aria-label=\"Mehr bei Imprint\">Read More<\/a><\/p>","protected":false},"author":2,"featured_media":0,"parent":0,"menu_order":0,"comment_status":"closed","ping_status":"closed","template":"","meta":{"_monsterinsights_skip_tracking":false,"_monsterinsights_sitenote_active":false,"_monsterinsights_sitenote_note":"","_monsterinsights_sitenote_category":0,"_EventAllDay":false,"_EventTimezone":"","_EventStartDate":"","_EventEndDate":"","_EventStartDateUTC":"","_EventEndDateUTC":"","_EventShowMap":false,"_EventShowMapLink":false,"_EventURL":"","_EventCost":"","_EventCostDescription":"","_EventCurrencySymbol":"","_EventCurrencyCode":"","_EventCurrencyPosition":"","_EventDateTimeSeparator":"","_EventTimeRangeSeparator":"","_EventOrganizerID":[],"_EventVenueID":[],"_OrganizerEmail":"","_OrganizerPhone":"","_OrganizerWebsite":"","_VenueAddress":"","_VenueCity":"","_VenueCountry":"","_VenueProvince":"","_VenueState":"","_VenueZip":"","_VenuePhone":"","_VenueURL":"","_VenueStateProvince":"","_VenueLat":"","_VenueLng":"","_VenueShowMap":false,"_VenueShowMapLink":false,"footnotes":""},"class_list":["post-1731","page","type-page","status-publish"],"yoast_head":"<!-- This site is optimized with the Yoast SEO plugin v27.5 - https:\/\/yoast.com\/product\/yoast-seo-wordpress\/ -->\n<title>Imprint - aequa<\/title>\n<meta name=\"robots\" content=\"index, follow, max-snippet:-1, max-image-preview:large, max-video-preview:-1\" \/>\n<link rel=\"canonical\" href=\"https:\/\/space.aequa.cc\/de\/imprint\/\" \/>\n<meta property=\"og:locale\" content=\"de_DE\" \/>\n<meta property=\"og:type\" content=\"article\" \/>\n<meta property=\"og:title\" content=\"Imprint - aequa\" \/>\n<meta property=\"og:description\" content=\"Our hosting is in Germany and the company is registered in Berlin. Therefore, legal information will be in German: IMPRESSUM Angaben gem\u00e4\u00df \u00a7 5 TMG:aequa CC UGExerzierstr. 1413357 Berlin Kontakt:hello@aequa.cc Verantwortlich f\u00fcr den Inhalt nach \u00a7 55 Abs. 2 RStV:Sarah Joy LynchHaftungsausschluss Es besteht keine Garantie f\u00fcr die Aktualit\u00e4t, Qualit\u00e4t, Korrektheit und Vollst\u00e4ndigkeit der Informationen ... Read More\" \/>\n<meta property=\"og:url\" content=\"https:\/\/space.aequa.cc\/de\/imprint\/\" \/>\n<meta property=\"og:site_name\" content=\"aequa\" \/>\n<meta property=\"article:modified_time\" content=\"2020-07-01T18:22:14+00:00\" \/>\n<meta name=\"twitter:card\" content=\"summary_large_image\" \/>\n<meta name=\"twitter:label1\" content=\"Gesch\u00e4tzte Lesezeit\" \/>\n\t<meta name=\"twitter:data1\" content=\"1\u00a0Minute\" \/>\n<script type=\"application\/ld+json\" class=\"yoast-schema-graph\">{\"@context\":\"https:\\\/\\\/schema.org\",\"@graph\":[{\"@type\":\"WebPage\",\"@id\":\"https:\\\/\\\/space.aequa.cc\\\/imprint\\\/\",\"url\":\"https:\\\/\\\/space.aequa.cc\\\/imprint\\\/\",\"name\":\"Imprint - aequa\",\"isPartOf\":{\"@id\":\"https:\\\/\\\/space.aequa.cc\\\/#website\"},\"datePublished\":\"2020-07-01T18:09:58+00:00\",\"dateModified\":\"2020-07-01T18:22:14+00:00\",\"breadcrumb\":{\"@id\":\"https:\\\/\\\/space.aequa.cc\\\/imprint\\\/#breadcrumb\"},\"inLanguage\":\"de\",\"potentialAction\":[{\"@type\":\"ReadAction\",\"target\":[\"https:\\\/\\\/space.aequa.cc\\\/imprint\\\/\"]}]},{\"@type\":\"BreadcrumbList\",\"@id\":\"https:\\\/\\\/space.aequa.cc\\\/imprint\\\/#breadcrumb\",\"itemListElement\":[{\"@type\":\"ListItem\",\"position\":1,\"name\":\"Home\",\"item\":\"https:\\\/\\\/space.aequa.cc\\\/\"},{\"@type\":\"ListItem\",\"position\":2,\"name\":\"Imprint\"}]},{\"@type\":\"WebSite\",\"@id\":\"https:\\\/\\\/space.aequa.cc\\\/#website\",\"url\":\"https:\\\/\\\/space.aequa.cc\\\/\",\"name\":\"aequa\",\"description\":\"community for social equity\",\"publisher\":{\"@id\":\"https:\\\/\\\/space.aequa.cc\\\/#organization\"},\"potentialAction\":[{\"@type\":\"SearchAction\",\"target\":{\"@type\":\"EntryPoint\",\"urlTemplate\":\"https:\\\/\\\/space.aequa.cc\\\/?s={search_term_string}\"},\"query-input\":{\"@type\":\"PropertyValueSpecification\",\"valueRequired\":true,\"valueName\":\"search_term_string\"}}],\"inLanguage\":\"de\"},{\"@type\":\"Organization\",\"@id\":\"https:\\\/\\\/space.aequa.cc\\\/#organization\",\"name\":\"aequa\",\"url\":\"https:\\\/\\\/space.aequa.cc\\\/\",\"logo\":{\"@type\":\"ImageObject\",\"inLanguage\":\"de\",\"@id\":\"https:\\\/\\\/space.aequa.cc\\\/#\\\/schema\\\/logo\\\/image\\\/\",\"url\":\"https:\\\/\\\/space.aequa.cc\\\/wp-content\\\/uploads\\\/2020\\\/06\\\/cropped-aequa_logo-color-1.png\",\"contentUrl\":\"https:\\\/\\\/space.aequa.cc\\\/wp-content\\\/uploads\\\/2020\\\/06\\\/cropped-aequa_logo-color-1.png\",\"width\":1256,\"height\":313,\"caption\":\"aequa\"},\"image\":{\"@id\":\"https:\\\/\\\/space.aequa.cc\\\/#\\\/schema\\\/logo\\\/image\\\/\"}}]}<\/script>\n<!-- \/ Yoast SEO plugin. -->","yoast_head_json":{"title":"Imprint - aequa","robots":{"index":"index","follow":"follow","max-snippet":"max-snippet:-1","max-image-preview":"max-image-preview:large","max-video-preview":"max-video-preview:-1"},"canonical":"https:\/\/space.aequa.cc\/de\/imprint\/","og_locale":"de_DE","og_type":"article","og_title":"Imprint - aequa","og_description":"Our hosting is in Germany and the company is registered in Berlin. Therefore, legal information will be in German: IMPRESSUM Angaben gem\u00e4\u00df \u00a7 5 TMG:aequa CC UGExerzierstr. 1413357 Berlin Kontakt:hello@aequa.cc Verantwortlich f\u00fcr den Inhalt nach \u00a7 55 Abs. 2 RStV:Sarah Joy LynchHaftungsausschluss Es besteht keine Garantie f\u00fcr die Aktualit\u00e4t, Qualit\u00e4t, Korrektheit und Vollst\u00e4ndigkeit der Informationen ... Read More","og_url":"https:\/\/space.aequa.cc\/de\/imprint\/","og_site_name":"aequa","article_modified_time":"2020-07-01T18:22:14+00:00","twitter_card":"summary_large_image","twitter_misc":{"Gesch\u00e4tzte Lesezeit":"1\u00a0Minute"},"schema":{"@context":"https:\/\/schema.org","@graph":[{"@type":"WebPage","@id":"https:\/\/space.aequa.cc\/imprint\/","url":"https:\/\/space.aequa.cc\/imprint\/","name":"Imprint - aequa","isPartOf":{"@id":"https:\/\/space.aequa.cc\/#website"},"datePublished":"2020-07-01T18:09:58+00:00","dateModified":"2020-07-01T18:22:14+00:00","breadcrumb":{"@id":"https:\/\/space.aequa.cc\/imprint\/#breadcrumb"},"inLanguage":"de","potentialAction":[{"@type":"ReadAction","target":["https:\/\/space.aequa.cc\/imprint\/"]}]},{"@type":"BreadcrumbList","@id":"https:\/\/space.aequa.cc\/imprint\/#breadcrumb","itemListElement":[{"@type":"ListItem","position":1,"name":"Home","item":"https:\/\/space.aequa.cc\/"},{"@type":"ListItem","position":2,"name":"Imprint"}]},{"@type":"WebSite","@id":"https:\/\/space.aequa.cc\/#website","url":"https:\/\/space.aequa.cc\/","name":"aequa","description":"community for social equity","publisher":{"@id":"https:\/\/space.aequa.cc\/#organization"},"potentialAction":[{"@type":"SearchAction","target":{"@type":"EntryPoint","urlTemplate":"https:\/\/space.aequa.cc\/?s={search_term_string}"},"query-input":{"@type":"PropertyValueSpecification","valueRequired":true,"valueName":"search_term_string"}}],"inLanguage":"de"},{"@type":"Organization","@id":"https:\/\/space.aequa.cc\/#organization","name":"aequa","url":"https:\/\/space.aequa.cc\/","logo":{"@type":"ImageObject","inLanguage":"de","@id":"https:\/\/space.aequa.cc\/#\/schema\/logo\/image\/","url":"https:\/\/space.aequa.cc\/wp-content\/uploads\/2020\/06\/cropped-aequa_logo-color-1.png","contentUrl":"https:\/\/space.aequa.cc\/wp-content\/uploads\/2020\/06\/cropped-aequa_logo-color-1.png","width":1256,"height":313,"caption":"aequa"},"image":{"@id":"https:\/\/space.aequa.cc\/#\/schema\/logo\/image\/"}}]}},"_links":{"self":[{"href":"https:\/\/space.aequa.cc\/de\/wp-json\/wp\/v2\/pages\/1731","targetHints":{"allow":["GET"]}}],"collection":[{"href":"https:\/\/space.aequa.cc\/de\/wp-json\/wp\/v2\/pages"}],"about":[{"href":"https:\/\/space.aequa.cc\/de\/wp-json\/wp\/v2\/types\/page"}],"author":[{"embeddable":true,"href":"https:\/\/space.aequa.cc\/de\/wp-json\/wp\/v2\/users\/2"}],"replies":[{"embeddable":true,"href":"https:\/\/space.aequa.cc\/de\/wp-json\/wp\/v2\/comments?post=1731"}],"version-history":[{"count":3,"href":"https:\/\/space.aequa.cc\/de\/wp-json\/wp\/v2\/pages\/1731\/revisions"}],"predecessor-version":[{"id":1738,"href":"https:\/\/space.aequa.cc\/de\/wp-json\/wp\/v2\/pages\/1731\/revisions\/1738"}],"wp:attachment":[{"href":"https:\/\/space.aequa.cc\/de\/wp-json\/wp\/v2\/media?parent=1731"}],"curies":[{"name":"wp","href":"https:\/\/api.w.org\/{rel}","templated":true}]}}