{"id":1740,"date":"2020-07-01T18:22:30","date_gmt":"2020-07-01T18:22:30","guid":{"rendered":"https:\/\/aequa.cc\/?page_id=1740"},"modified":"2020-10-26T14:18:53","modified_gmt":"2020-10-26T13:18:53","slug":"access","status":"publish","type":"page","link":"https:\/\/space.aequa.cc\/de\/access\/","title":{"rendered":"Barrierefreiheit"},"content":{"rendered":"<p><strong>Informationen zur Barrierefreiheit in unseren R\u00e4umen<\/strong><\/p>\n\n\n\n<p>Das aequa CC ist ein offener Community Space. Wir sind kontinuierlich dabei, die Zug\u00e4nglichkeit zu verbessern und freuen uns \u00fcber Feedback und Vorschl\u00e4ge.<\/p>\n\n\n\n<p>Es handelt sich um einen semi-\u00f6ffentlichen Space mit mehreren R\u00e4umen f\u00fcr verschiedene Zwecke. Normalerweise befinden sich Blumen und Pflanzen in dem Space, der von verschiedenen Personengruppen und gelegentlich auch von Hunden genutzt wird. Daher k\u00f6nnen wir leider nicht garantieren, dass der Raum duft- oder allergenfrei ist.<\/p>\n\n\n\n<p>Gegenw\u00e4rtig ist <strong>nicht&nbsp;<\/strong>der gesamte Space mit dem Rollstuhl zug\u00e4nglich. Wir suchen nach L\u00f6sungen, um beide Spaces rollstuhlgerecht zu gestalten.<\/p>\n\n\n\n<p><strong>Covid-19 updates:<\/strong><\/p>\n\n\n\n<p>Wir halten uns \u00fcber die Einschr\u00e4nkungen und Vorsichtsma\u00dfnahmen im Zusammenhang mit dem Coronavirus auf dem Laufenden. Einen vollst\u00e4ndigen Leitfaden findest du <a rel=\"noreferrer noopener\" href=\"https:\/\/www.notion.so\/Corona-Guidelines-at-aequa-CC-cf400a4ec93f477892684cfaeafab548\" target=\"_blank\">hier<\/a>.<\/p>\n\n\n\n<p><\/p>\n\n\n\n<p>Hier noch ein paar Details zu den jeweiligen Spaces.<\/p>\n\n\n\n<p><strong>Coworking Caf\u00e9 @ Exerzierstr. 14<\/strong><br>Das Coworking Caf\u00e9 ist \u00fcber zwei (2) Stufen zu erreichen, die jeweils etwa 20 cm hoch sind. Innerhalb des Coworking-Caf\u00e9s sind die Toiletten nur \u00fcber eine Treppe im Untergeschoss zu erreichen.&nbsp;<\/p>\n\n\n\n<p><strong>Workshop Space @ Exerzierst. 13<\/strong><br>Der Zugang zum Workshop Space erfolgt \u00fcber die Stra\u00dfe. Sowohl die T\u00fcr als auch die Toilette sind f\u00fcr Rollstuhlfahrer zug\u00e4nglich.&nbsp;<\/p>","protected":false},"excerpt":{"rendered":"<p>Access information for our spaces The aequa CC is an open community space. We are in the ongoing process of improving accessibility and welcome feedback and suggestions. This is a multi-room and multi-purpose semi-public space. There are usually flowers and plants in the space, which is used by diverse groups of people and occasionally dogs, &#8230; <a title=\"Barrierefreiheit\" class=\"read-more\" href=\"https:\/\/space.aequa.cc\/de\/access\/\" aria-label=\"Mehr bei Access\">Read More<\/a><\/p>","protected":false},"author":2,"featured_media":0,"parent":0,"menu_order":0,"comment_status":"closed","ping_status":"closed","template":"","meta":{"_monsterinsights_skip_tracking":false,"_monsterinsights_sitenote_active":false,"_monsterinsights_sitenote_note":"","_monsterinsights_sitenote_category":0,"_EventAllDay":false,"_EventTimezone":"","_EventStartDate":"","_EventEndDate":"","_EventStartDateUTC":"","_EventEndDateUTC":"","_EventShowMap":false,"_EventShowMapLink":false,"_EventURL":"","_EventCost":"","_EventCostDescription":"","_EventCurrencySymbol":"","_EventCurrencyCode":"","_EventCurrencyPosition":"","_EventDateTimeSeparator":"","_EventTimeRangeSeparator":"","_EventOrganizerID":[],"_EventVenueID":[],"_OrganizerEmail":"","_OrganizerPhone":"","_OrganizerWebsite":"","_VenueAddress":"","_VenueCity":"","_VenueCountry":"","_VenueProvince":"","_VenueState":"","_VenueZip":"","_VenuePhone":"","_VenueURL":"","_VenueStateProvince":"","_VenueLat":"","_VenueLng":"","_VenueShowMap":false,"_VenueShowMapLink":false,"footnotes":""},"class_list":["post-1740","page","type-page","status-publish"],"yoast_head":"<!-- This site is optimized with the Yoast SEO plugin v27.4 - https:\/\/yoast.com\/product\/yoast-seo-wordpress\/ -->\n<title>Access - aequa<\/title>\n<meta name=\"robots\" content=\"index, follow, max-snippet:-1, max-image-preview:large, max-video-preview:-1\" \/>\n<link rel=\"canonical\" href=\"https:\/\/space.aequa.cc\/de\/access\/\" \/>\n<meta property=\"og:locale\" content=\"de_DE\" \/>\n<meta property=\"og:type\" content=\"article\" \/>\n<meta property=\"og:title\" content=\"Access - aequa\" \/>\n<meta property=\"og:description\" content=\"Access information for our spaces The aequa CC is an open community space. We are in the ongoing process of improving accessibility and welcome feedback and suggestions. This is a multi-room and multi-purpose semi-public space. There are usually flowers and plants in the space, which is used by diverse groups of people and occasionally dogs, ... Read More\" \/>\n<meta property=\"og:url\" content=\"https:\/\/space.aequa.cc\/de\/access\/\" \/>\n<meta property=\"og:site_name\" content=\"aequa\" \/>\n<meta property=\"article:modified_time\" content=\"2020-10-26T13:18:53+00:00\" \/>\n<meta name=\"twitter:card\" content=\"summary_large_image\" \/>\n<meta name=\"twitter:label1\" content=\"Gesch\u00e4tzte Lesezeit\" \/>\n\t<meta name=\"twitter:data1\" content=\"1\u00a0Minute\" \/>\n<script type=\"application\/ld+json\" class=\"yoast-schema-graph\">{\"@context\":\"https:\\\/\\\/schema.org\",\"@graph\":[{\"@type\":\"WebPage\",\"@id\":\"https:\\\/\\\/space.aequa.cc\\\/access\\\/\",\"url\":\"https:\\\/\\\/space.aequa.cc\\\/access\\\/\",\"name\":\"Access - aequa\",\"isPartOf\":{\"@id\":\"https:\\\/\\\/space.aequa.cc\\\/#website\"},\"datePublished\":\"2020-07-01T18:22:30+00:00\",\"dateModified\":\"2020-10-26T13:18:53+00:00\",\"breadcrumb\":{\"@id\":\"https:\\\/\\\/space.aequa.cc\\\/access\\\/#breadcrumb\"},\"inLanguage\":\"de\",\"potentialAction\":[{\"@type\":\"ReadAction\",\"target\":[\"https:\\\/\\\/space.aequa.cc\\\/access\\\/\"]}]},{\"@type\":\"BreadcrumbList\",\"@id\":\"https:\\\/\\\/space.aequa.cc\\\/access\\\/#breadcrumb\",\"itemListElement\":[{\"@type\":\"ListItem\",\"position\":1,\"name\":\"Home\",\"item\":\"https:\\\/\\\/space.aequa.cc\\\/\"},{\"@type\":\"ListItem\",\"position\":2,\"name\":\"Access\"}]},{\"@type\":\"WebSite\",\"@id\":\"https:\\\/\\\/space.aequa.cc\\\/#website\",\"url\":\"https:\\\/\\\/space.aequa.cc\\\/\",\"name\":\"aequa\",\"description\":\"community for social equity\",\"publisher\":{\"@id\":\"https:\\\/\\\/space.aequa.cc\\\/#organization\"},\"potentialAction\":[{\"@type\":\"SearchAction\",\"target\":{\"@type\":\"EntryPoint\",\"urlTemplate\":\"https:\\\/\\\/space.aequa.cc\\\/?s={search_term_string}\"},\"query-input\":{\"@type\":\"PropertyValueSpecification\",\"valueRequired\":true,\"valueName\":\"search_term_string\"}}],\"inLanguage\":\"de\"},{\"@type\":\"Organization\",\"@id\":\"https:\\\/\\\/space.aequa.cc\\\/#organization\",\"name\":\"aequa\",\"url\":\"https:\\\/\\\/space.aequa.cc\\\/\",\"logo\":{\"@type\":\"ImageObject\",\"inLanguage\":\"de\",\"@id\":\"https:\\\/\\\/space.aequa.cc\\\/#\\\/schema\\\/logo\\\/image\\\/\",\"url\":\"https:\\\/\\\/space.aequa.cc\\\/wp-content\\\/uploads\\\/2020\\\/06\\\/cropped-aequa_logo-color-1.png\",\"contentUrl\":\"https:\\\/\\\/space.aequa.cc\\\/wp-content\\\/uploads\\\/2020\\\/06\\\/cropped-aequa_logo-color-1.png\",\"width\":1256,\"height\":313,\"caption\":\"aequa\"},\"image\":{\"@id\":\"https:\\\/\\\/space.aequa.cc\\\/#\\\/schema\\\/logo\\\/image\\\/\"}}]}<\/script>\n<!-- \/ Yoast SEO plugin. -->","yoast_head_json":{"title":"Access - aequa","robots":{"index":"index","follow":"follow","max-snippet":"max-snippet:-1","max-image-preview":"max-image-preview:large","max-video-preview":"max-video-preview:-1"},"canonical":"https:\/\/space.aequa.cc\/de\/access\/","og_locale":"de_DE","og_type":"article","og_title":"Access - aequa","og_description":"Access information for our spaces The aequa CC is an open community space. We are in the ongoing process of improving accessibility and welcome feedback and suggestions. This is a multi-room and multi-purpose semi-public space. There are usually flowers and plants in the space, which is used by diverse groups of people and occasionally dogs, ... Read More","og_url":"https:\/\/space.aequa.cc\/de\/access\/","og_site_name":"aequa","article_modified_time":"2020-10-26T13:18:53+00:00","twitter_card":"summary_large_image","twitter_misc":{"Gesch\u00e4tzte Lesezeit":"1\u00a0Minute"},"schema":{"@context":"https:\/\/schema.org","@graph":[{"@type":"WebPage","@id":"https:\/\/space.aequa.cc\/access\/","url":"https:\/\/space.aequa.cc\/access\/","name":"Access - aequa","isPartOf":{"@id":"https:\/\/space.aequa.cc\/#website"},"datePublished":"2020-07-01T18:22:30+00:00","dateModified":"2020-10-26T13:18:53+00:00","breadcrumb":{"@id":"https:\/\/space.aequa.cc\/access\/#breadcrumb"},"inLanguage":"de","potentialAction":[{"@type":"ReadAction","target":["https:\/\/space.aequa.cc\/access\/"]}]},{"@type":"BreadcrumbList","@id":"https:\/\/space.aequa.cc\/access\/#breadcrumb","itemListElement":[{"@type":"ListItem","position":1,"name":"Home","item":"https:\/\/space.aequa.cc\/"},{"@type":"ListItem","position":2,"name":"Access"}]},{"@type":"WebSite","@id":"https:\/\/space.aequa.cc\/#website","url":"https:\/\/space.aequa.cc\/","name":"aequa","description":"community for social equity","publisher":{"@id":"https:\/\/space.aequa.cc\/#organization"},"potentialAction":[{"@type":"SearchAction","target":{"@type":"EntryPoint","urlTemplate":"https:\/\/space.aequa.cc\/?s={search_term_string}"},"query-input":{"@type":"PropertyValueSpecification","valueRequired":true,"valueName":"search_term_string"}}],"inLanguage":"de"},{"@type":"Organization","@id":"https:\/\/space.aequa.cc\/#organization","name":"aequa","url":"https:\/\/space.aequa.cc\/","logo":{"@type":"ImageObject","inLanguage":"de","@id":"https:\/\/space.aequa.cc\/#\/schema\/logo\/image\/","url":"https:\/\/space.aequa.cc\/wp-content\/uploads\/2020\/06\/cropped-aequa_logo-color-1.png","contentUrl":"https:\/\/space.aequa.cc\/wp-content\/uploads\/2020\/06\/cropped-aequa_logo-color-1.png","width":1256,"height":313,"caption":"aequa"},"image":{"@id":"https:\/\/space.aequa.cc\/#\/schema\/logo\/image\/"}}]}},"_links":{"self":[{"href":"https:\/\/space.aequa.cc\/de\/wp-json\/wp\/v2\/pages\/1740","targetHints":{"allow":["GET"]}}],"collection":[{"href":"https:\/\/space.aequa.cc\/de\/wp-json\/wp\/v2\/pages"}],"about":[{"href":"https:\/\/space.aequa.cc\/de\/wp-json\/wp\/v2\/types\/page"}],"author":[{"embeddable":true,"href":"https:\/\/space.aequa.cc\/de\/wp-json\/wp\/v2\/users\/2"}],"replies":[{"embeddable":true,"href":"https:\/\/space.aequa.cc\/de\/wp-json\/wp\/v2\/comments?post=1740"}],"version-history":[{"count":8,"href":"https:\/\/space.aequa.cc\/de\/wp-json\/wp\/v2\/pages\/1740\/revisions"}],"predecessor-version":[{"id":2250,"href":"https:\/\/space.aequa.cc\/de\/wp-json\/wp\/v2\/pages\/1740\/revisions\/2250"}],"wp:attachment":[{"href":"https:\/\/space.aequa.cc\/de\/wp-json\/wp\/v2\/media?parent=1740"}],"curies":[{"name":"wp","href":"https:\/\/api.w.org\/{rel}","templated":true}]}}