{"id":2202,"date":"2020-10-21T14:32:34","date_gmt":"2020-10-21T12:32:34","guid":{"rendered":"https:\/\/aequa.cc\/?page_id=2202"},"modified":"2022-11-13T14:12:42","modified_gmt":"2022-11-13T13:12:42","slug":"donate","status":"publish","type":"page","link":"https:\/\/space.aequa.cc\/de\/donate\/","title":{"rendered":"Spenden"},"content":{"rendered":"<p>Your contributions will help to support:<\/p>\n\n\n\n<ul class=\"wp-block-list\">\n<li>Non-profit community offers such as event space, workshops, safer coworking space at reduced prices, shared equipment and resources, and more;<\/li>\n\n\n\n<li>Our transition through Project Phoenix: the move from aequa Community Centre at Exerzierstr. 14 to our neighbouring workshop space at Exerzierstr. 13. <em>Sign up to our <a href=\"https:\/\/subscribepage.com\/aequa\" target=\"_blank\" rel=\"noreferrer noopener\">newsletter<\/a> for updates!<\/em><\/li>\n<\/ul>\n\n\n\n<p><strong>Donation options:<\/strong><\/p>\n\n\n\n<ul class=\"wp-block-list\">\n<li><em>Become a monthly supporter on <a href=\"http:\/\/www.patreon.com\/aequa\/\" target=\"_blank\" rel=\"noreferrer noopener\">Patreon<\/a><\/em><\/li>\n\n\n\n<li>Send a contribution on <a href=\"https:\/\/paypal.me\/aequacc?country.x=DE&amp;locale.x=en_US\" target=\"_blank\" rel=\"noreferrer noopener\">Paypal<\/a> to hello@aequa.cc. IMPORTANT: Please mark the reason for payment as &#8220;donation&#8221;.<\/li>\n\n\n\n<li>Send a contribution to our bank account. IMPORTANT: Please mark the payment reason \/ Verwendungszweck as &#8220;donation&#8221;. Bank info:<em><br>aequa CC UG (haftungsbeschr\u00e4nkt)<br>IBAN: DE76 4306 0967 1053 9675 00<br>BIC: GENODEM1GLS<\/em><\/li>\n<\/ul>\n\n\n\n<p><strong>Es ist wahr, dass jedes bisschen z\u00e4hlt <\/strong>\u2013 every euro raised, every link shared, every aequa experience story told \u2013 will help keep the lights on and our doors open through this transition. <\/p>\n\n\n\n<p>Wenn Sie gelernt haben, etwas neues, ein neuer Freund, ein Hindernis \u00fcberwinden, organisierte f\u00fcr eine Sache, die Sie k\u00fcmmern m\u00fcssen, und bekr\u00e4ftigt Ihre Werte, ein Leben \u00fcbergang hatte oder einfach nur ein bessere Tag weil der aequa \u2014 oder weil der einen Raum wie diesen \u2014 wir hoffen, dass Sie uns helfen, unsere T\u00fcren \u00f6ffnen f\u00fcr Jahre zu kommen.<\/p>\n\n\n\n<h2 class=\"wp-block-heading\"><span class=\"ez-toc-section\" id=\"How_you_can_help_right_now\"><\/span><strong>Wie k\u00f6nnen Sie helfen jetzt:<\/strong><span class=\"ez-toc-section-end\"><\/span><\/h2>\n\n\n\n<p><strong>Donate directly<\/strong> on <a href=\"https:\/\/paypal.me\/aequacc?country.x=DE&amp;locale.x=en_US\" target=\"_blank\" rel=\"noreferrer noopener\">Paypal<\/a> or to our bank account &#8211; details above. <\/p>\n\n\n\n<p><strong>Unterst\u00fctze uns monatlich auf <a href=\"http:\/\/www.patreon.com\/aequa\/\" target=\"_blank\" rel=\"noreferrer noopener\">Patreon<\/a><br><\/strong>Zu einem monatlichen f\u00f6rderndes Mitglied auf Patreon. Wenn nur 150 Mitgliedern ein Pfand von 7, - \u20acpro Monat, das w\u00e4re f\u00fcr die H\u00e4lfte der Miete. Vorteile sind ein besonderer Rabatt auf die Standmiete, den Zugang zu unserer digitalen Community Resource Center Slack-Arbeitsbereich, und die Mitgliedschaft in der <a href=\"https:\/\/www.instagram.com\/aequa.library\/\">aequa Bibliothek<\/a>!<\/p>\n\n\n\n<p><strong>Organisieren Sie eine fundraising-Aktion<\/strong><br>Organisieren wollen, ein one-off-fundraising initiative, um uns zu helfen? Get in touch <em>hello@aequa.cc<\/em> besprechen Sie Ihre Ideen!<\/p>\n\n\n\n<p><strong>Share this link<\/strong>! <br>If you can\u2019t make a donation right now, we understand. If you do have time, sharing this page with others can be a huge support. Talk about what aequa has meant to you and share the link by email, in groups you&#8217;re a part of, or on social media.<\/p>\n\n\n\n<h2 class=\"wp-block-heading\"><span class=\"ez-toc-section\" id=\"Thank_you\"><\/span><strong>Vielen Dank!<\/strong><span class=\"ez-toc-section-end\"><\/span><\/h2>\n\n\n\n<p>In welcher Art und Weise Sie helfen k\u00f6nnen, sind wir zutiefst dankbar f\u00fcr Ihre fortgesetzte Unterst\u00fctzung und Pflege. Es bedeutet uns die Welt.&nbsp;<\/p>\n\n\n\n<h2 class=\"wp-block-heading\"><span class=\"ez-toc-section\" id=\"How_this_funding_will_be_used\"><\/span><strong>Wie diese Mittel verwendet werden<\/strong><span class=\"ez-toc-section-end\"><\/span><\/h2>\n\n\n\n<p>Die Einnahmen durch diese crowdfunding-Kampagne wird f\u00fcr Folgendes verwendet werden:<\/p>\n\n\n\n<ul class=\"wp-block-list\">\n<li>Rent for the aequa space in Wedding<\/li>\n\n\n\n<li>Rechnungen wie Strom, internet, gas<\/li>\n\n\n\n<li>Business-Kosten wie Buchhaltung, GEMA, ARD<\/li>\n\n\n\n<li>Marketing (mainly printing flyers) to promote the offers<\/li>\n\n\n\n<li>Kritische Lieferungen und Leistungen<\/li>\n\n\n\n<li>Abrechnung die Kosten f\u00fcr zwei Mitarbeiter, die beide auf kurzarbeit&nbsp;<\/li>\n\n\n\n<li>Paying off the debt of the loan we took on in 2020 to take over the space at Exerzierstr. 14<\/li>\n<\/ul>\n\n\n\n<p><\/p>","protected":false},"excerpt":{"rendered":"<p>Your contributions will help to support: Donation options: It is true that every little bit counts \u2013 every euro raised, every link shared, every aequa experience story told \u2013 will help keep the lights on and our doors open through this transition. If you have ever learned something new, made a new friend, overcome an &#8230; <a title=\"Spenden\" class=\"read-more\" href=\"https:\/\/space.aequa.cc\/de\/donate\/\" aria-label=\"Mehr bei Donate\">Read More<\/a><\/p>","protected":false},"author":3,"featured_media":0,"parent":0,"menu_order":0,"comment_status":"closed","ping_status":"closed","template":"","meta":{"_monsterinsights_skip_tracking":false,"_monsterinsights_sitenote_active":false,"_monsterinsights_sitenote_note":"","_monsterinsights_sitenote_category":0,"_EventAllDay":false,"_EventTimezone":"","_EventStartDate":"","_EventEndDate":"","_EventStartDateUTC":"","_EventEndDateUTC":"","_EventShowMap":false,"_EventShowMapLink":false,"_EventURL":"","_EventCost":"","_EventCostDescription":"","_EventCurrencySymbol":"","_EventCurrencyCode":"","_EventCurrencyPosition":"","_EventDateTimeSeparator":"","_EventTimeRangeSeparator":"","_EventOrganizerID":[],"_EventVenueID":[],"_OrganizerEmail":"","_OrganizerPhone":"","_OrganizerWebsite":"","_VenueAddress":"","_VenueCity":"","_VenueCountry":"","_VenueProvince":"","_VenueState":"","_VenueZip":"","_VenuePhone":"","_VenueURL":"","_VenueStateProvince":"","_VenueLat":"","_VenueLng":"","_VenueShowMap":false,"_VenueShowMapLink":false,"footnotes":""},"class_list":["post-2202","page","type-page","status-publish"],"yoast_head":"<!-- This site is optimized with the Yoast SEO plugin v27.5 - https:\/\/yoast.com\/product\/yoast-seo-wordpress\/ -->\n<title>Donate - aequa<\/title>\n<meta name=\"robots\" content=\"index, follow, max-snippet:-1, max-image-preview:large, max-video-preview:-1\" \/>\n<link rel=\"canonical\" href=\"https:\/\/space.aequa.cc\/de\/donate\/\" \/>\n<meta property=\"og:locale\" content=\"de_DE\" \/>\n<meta property=\"og:type\" content=\"article\" \/>\n<meta property=\"og:title\" content=\"Donate - aequa\" \/>\n<meta property=\"og:description\" content=\"Your contributions will help to support: Donation options: It is true that every little bit counts \u2013 every euro raised, every link shared, every aequa experience story told \u2013 will help keep the lights on and our doors open through this transition. If you have ever learned something new, made a new friend, overcome an ... Read More\" \/>\n<meta property=\"og:url\" content=\"https:\/\/space.aequa.cc\/de\/donate\/\" \/>\n<meta property=\"og:site_name\" content=\"aequa\" \/>\n<meta property=\"article:modified_time\" content=\"2022-11-13T13:12:42+00:00\" \/>\n<meta name=\"twitter:card\" content=\"summary_large_image\" \/>\n<meta name=\"twitter:label1\" content=\"Gesch\u00e4tzte Lesezeit\" \/>\n\t<meta name=\"twitter:data1\" content=\"2\u00a0Minuten\" \/>\n<script type=\"application\/ld+json\" class=\"yoast-schema-graph\">{\"@context\":\"https:\\\/\\\/schema.org\",\"@graph\":[{\"@type\":\"WebPage\",\"@id\":\"https:\\\/\\\/space.aequa.cc\\\/donate\\\/\",\"url\":\"https:\\\/\\\/space.aequa.cc\\\/donate\\\/\",\"name\":\"Donate - aequa\",\"isPartOf\":{\"@id\":\"https:\\\/\\\/space.aequa.cc\\\/#website\"},\"datePublished\":\"2020-10-21T12:32:34+00:00\",\"dateModified\":\"2022-11-13T13:12:42+00:00\",\"breadcrumb\":{\"@id\":\"https:\\\/\\\/space.aequa.cc\\\/donate\\\/#breadcrumb\"},\"inLanguage\":\"de\",\"potentialAction\":[{\"@type\":\"ReadAction\",\"target\":[\"https:\\\/\\\/space.aequa.cc\\\/donate\\\/\"]}]},{\"@type\":\"BreadcrumbList\",\"@id\":\"https:\\\/\\\/space.aequa.cc\\\/donate\\\/#breadcrumb\",\"itemListElement\":[{\"@type\":\"ListItem\",\"position\":1,\"name\":\"Home\",\"item\":\"https:\\\/\\\/space.aequa.cc\\\/\"},{\"@type\":\"ListItem\",\"position\":2,\"name\":\"Donate\"}]},{\"@type\":\"WebSite\",\"@id\":\"https:\\\/\\\/space.aequa.cc\\\/#website\",\"url\":\"https:\\\/\\\/space.aequa.cc\\\/\",\"name\":\"aequa\",\"description\":\"community for social equity\",\"publisher\":{\"@id\":\"https:\\\/\\\/space.aequa.cc\\\/#organization\"},\"potentialAction\":[{\"@type\":\"SearchAction\",\"target\":{\"@type\":\"EntryPoint\",\"urlTemplate\":\"https:\\\/\\\/space.aequa.cc\\\/?s={search_term_string}\"},\"query-input\":{\"@type\":\"PropertyValueSpecification\",\"valueRequired\":true,\"valueName\":\"search_term_string\"}}],\"inLanguage\":\"de\"},{\"@type\":\"Organization\",\"@id\":\"https:\\\/\\\/space.aequa.cc\\\/#organization\",\"name\":\"aequa\",\"url\":\"https:\\\/\\\/space.aequa.cc\\\/\",\"logo\":{\"@type\":\"ImageObject\",\"inLanguage\":\"de\",\"@id\":\"https:\\\/\\\/space.aequa.cc\\\/#\\\/schema\\\/logo\\\/image\\\/\",\"url\":\"https:\\\/\\\/space.aequa.cc\\\/wp-content\\\/uploads\\\/2020\\\/06\\\/cropped-aequa_logo-color-1.png\",\"contentUrl\":\"https:\\\/\\\/space.aequa.cc\\\/wp-content\\\/uploads\\\/2020\\\/06\\\/cropped-aequa_logo-color-1.png\",\"width\":1256,\"height\":313,\"caption\":\"aequa\"},\"image\":{\"@id\":\"https:\\\/\\\/space.aequa.cc\\\/#\\\/schema\\\/logo\\\/image\\\/\"}}]}<\/script>\n<!-- \/ Yoast SEO plugin. -->","yoast_head_json":{"title":"Donate - aequa","robots":{"index":"index","follow":"follow","max-snippet":"max-snippet:-1","max-image-preview":"max-image-preview:large","max-video-preview":"max-video-preview:-1"},"canonical":"https:\/\/space.aequa.cc\/de\/donate\/","og_locale":"de_DE","og_type":"article","og_title":"Donate - aequa","og_description":"Your contributions will help to support: Donation options: It is true that every little bit counts \u2013 every euro raised, every link shared, every aequa experience story told \u2013 will help keep the lights on and our doors open through this transition. If you have ever learned something new, made a new friend, overcome an ... Read More","og_url":"https:\/\/space.aequa.cc\/de\/donate\/","og_site_name":"aequa","article_modified_time":"2022-11-13T13:12:42+00:00","twitter_card":"summary_large_image","twitter_misc":{"Gesch\u00e4tzte Lesezeit":"2\u00a0Minuten"},"schema":{"@context":"https:\/\/schema.org","@graph":[{"@type":"WebPage","@id":"https:\/\/space.aequa.cc\/donate\/","url":"https:\/\/space.aequa.cc\/donate\/","name":"Donate - aequa","isPartOf":{"@id":"https:\/\/space.aequa.cc\/#website"},"datePublished":"2020-10-21T12:32:34+00:00","dateModified":"2022-11-13T13:12:42+00:00","breadcrumb":{"@id":"https:\/\/space.aequa.cc\/donate\/#breadcrumb"},"inLanguage":"de","potentialAction":[{"@type":"ReadAction","target":["https:\/\/space.aequa.cc\/donate\/"]}]},{"@type":"BreadcrumbList","@id":"https:\/\/space.aequa.cc\/donate\/#breadcrumb","itemListElement":[{"@type":"ListItem","position":1,"name":"Home","item":"https:\/\/space.aequa.cc\/"},{"@type":"ListItem","position":2,"name":"Donate"}]},{"@type":"WebSite","@id":"https:\/\/space.aequa.cc\/#website","url":"https:\/\/space.aequa.cc\/","name":"aequa","description":"community for social equity","publisher":{"@id":"https:\/\/space.aequa.cc\/#organization"},"potentialAction":[{"@type":"SearchAction","target":{"@type":"EntryPoint","urlTemplate":"https:\/\/space.aequa.cc\/?s={search_term_string}"},"query-input":{"@type":"PropertyValueSpecification","valueRequired":true,"valueName":"search_term_string"}}],"inLanguage":"de"},{"@type":"Organization","@id":"https:\/\/space.aequa.cc\/#organization","name":"aequa","url":"https:\/\/space.aequa.cc\/","logo":{"@type":"ImageObject","inLanguage":"de","@id":"https:\/\/space.aequa.cc\/#\/schema\/logo\/image\/","url":"https:\/\/space.aequa.cc\/wp-content\/uploads\/2020\/06\/cropped-aequa_logo-color-1.png","contentUrl":"https:\/\/space.aequa.cc\/wp-content\/uploads\/2020\/06\/cropped-aequa_logo-color-1.png","width":1256,"height":313,"caption":"aequa"},"image":{"@id":"https:\/\/space.aequa.cc\/#\/schema\/logo\/image\/"}}]}},"_links":{"self":[{"href":"https:\/\/space.aequa.cc\/de\/wp-json\/wp\/v2\/pages\/2202","targetHints":{"allow":["GET"]}}],"collection":[{"href":"https:\/\/space.aequa.cc\/de\/wp-json\/wp\/v2\/pages"}],"about":[{"href":"https:\/\/space.aequa.cc\/de\/wp-json\/wp\/v2\/types\/page"}],"author":[{"embeddable":true,"href":"https:\/\/space.aequa.cc\/de\/wp-json\/wp\/v2\/users\/3"}],"replies":[{"embeddable":true,"href":"https:\/\/space.aequa.cc\/de\/wp-json\/wp\/v2\/comments?post=2202"}],"version-history":[{"count":24,"href":"https:\/\/space.aequa.cc\/de\/wp-json\/wp\/v2\/pages\/2202\/revisions"}],"predecessor-version":[{"id":4705,"href":"https:\/\/space.aequa.cc\/de\/wp-json\/wp\/v2\/pages\/2202\/revisions\/4705"}],"wp:attachment":[{"href":"https:\/\/space.aequa.cc\/de\/wp-json\/wp\/v2\/media?parent=2202"}],"curies":[{"name":"wp","href":"https:\/\/api.w.org\/{rel}","templated":true}]}}