{"id":2224,"date":"2020-10-26T11:37:16","date_gmt":"2020-10-26T10:37:16","guid":{"rendered":"https:\/\/aequa.cc\/?page_id=2224"},"modified":"2022-02-09T09:54:54","modified_gmt":"2022-02-09T08:54:54","slug":"library","status":"publish","type":"page","link":"https:\/\/space.aequa.cc\/de\/library\/","title":{"rendered":"Bibliothek"},"content":{"rendered":"<p class=\"has-text-align-center has-medium-font-size\">Schauen Sie sich unsere <a href=\"https:\/\/www.gofundme.com\/f\/31-books-for-more-liberation-aequa-librar?member=16783565&amp;utm_campaign=p_cp+share-sheet&amp;utm_medium=copy_link_all&amp;utm_source=customer\" target=\"_blank\" rel=\"noreferrer noopener\">neue crowdfunding-Kampagne <\/a>kaufen mehr erstaunliche B\u00fccher f\u00fcr die Bibliothek!<\/p>\n\n\n\n<div class=\"wp-block-image\"><figure class=\"aligncenter size-large\"><img loading=\"lazy\" decoding=\"async\" width=\"724\" height=\"1024\" src=\"https:\/\/aequa.cc\/wp-content\/uploads\/2021\/11\/aequa-Equity-Library-724x1024.jpeg\" alt=\"\" class=\"wp-image-3554\" srcset=\"https:\/\/space.aequa.cc\/wp-content\/uploads\/2021\/11\/aequa-Equity-Library-724x1024.jpeg 724w, https:\/\/space.aequa.cc\/wp-content\/uploads\/2021\/11\/aequa-Equity-Library-212x300.jpeg 212w, https:\/\/space.aequa.cc\/wp-content\/uploads\/2021\/11\/aequa-Equity-Library-768x1086.jpeg 768w, https:\/\/space.aequa.cc\/wp-content\/uploads\/2021\/11\/aequa-Equity-Library-1086x1536.jpeg 1086w, https:\/\/space.aequa.cc\/wp-content\/uploads\/2021\/11\/aequa-Equity-Library-600x849.jpeg 600w, https:\/\/space.aequa.cc\/wp-content\/uploads\/2021\/11\/aequa-Equity-Library-42x60.jpeg 42w, https:\/\/space.aequa.cc\/wp-content\/uploads\/2021\/11\/aequa-Equity-Library-64x90.jpeg 64w, https:\/\/space.aequa.cc\/wp-content\/uploads\/2021\/11\/aequa-Equity-Library.jpeg 1414w\" sizes=\"auto, (max-width: 724px) 100vw, 724px\" \/><\/figure><\/div>\n\n\n\n<p class=\"has-text-align-center has-luminous-vivid-amber-background-color has-background\" id=\"block-25a44dff-3bf1-486a-86a7-953bec8d19d5\">Die Bibliothek ist an der <strong>aequa community centre<\/strong> in Hochzeit in der Exerzierstr. 14. Sie finden weitere Zugangsdaten <a href=\"https:\/\/aequa.cc\/access\/\" target=\"_blank\" rel=\"noreferrer noopener\">hier<\/a>.<br><strong>Wir sind in den Prozess der Entwicklung eines neuen Systems f\u00fcr die \u00fcberpr\u00fcfung aus B\u00fcchern \u2013 seien Sie gespannt! <\/strong><br><br><strong>Schreiben Sie uns an aequa.library@gmail.com jeder Zeit zu besuchen die Bibliothek. <\/strong><br><br>Die Bibliothek hat jetzt einen Wunschzettel und ein \u00f6ffentliches Inventar <strong><a href=\"https:\/\/www.librarything.com\/catalog.php?offset=0&amp;view=aequa.library&amp;collection=4&amp;shelf=shelf&amp;collection=4https:\/\/www.librarything.com\/catalog\/aequa.library\">hier<\/a><\/strong> so k\u00f6nnen Sie sehen, was die Bibliothek auf die Regale jeder Zeit.<\/p>\n\n\n\n<div class=\"wp-block-columns is-layout-flex wp-container-core-columns-is-layout-9d6595d7 wp-block-columns-is-layout-flex\">\n<div class=\"wp-block-column is-layout-flow wp-block-column-is-layout-flow\">\n<figure class=\"wp-block-image size-large is-resized\"><img loading=\"lazy\" decoding=\"async\" src=\"https:\/\/aequa.cc\/wp-content\/uploads\/2020\/11\/DSC_0042-3-scaled-e1636193230918-1024x715.jpg\" alt=\"\" class=\"wp-image-2277\" width=\"345\" height=\"240\" srcset=\"https:\/\/space.aequa.cc\/wp-content\/uploads\/2020\/11\/DSC_0042-3-scaled-e1636193230918-1024x715.jpg 1024w, https:\/\/space.aequa.cc\/wp-content\/uploads\/2020\/11\/DSC_0042-3-scaled-e1636193230918-600x419.jpg 600w, https:\/\/space.aequa.cc\/wp-content\/uploads\/2020\/11\/DSC_0042-3-scaled-e1636193230918-300x209.jpg 300w, https:\/\/space.aequa.cc\/wp-content\/uploads\/2020\/11\/DSC_0042-3-scaled-e1636193230918-768x536.jpg 768w, https:\/\/space.aequa.cc\/wp-content\/uploads\/2020\/11\/DSC_0042-3-scaled-e1636193230918-1536x1072.jpg 1536w, https:\/\/space.aequa.cc\/wp-content\/uploads\/2020\/11\/DSC_0042-3-scaled-e1636193230918.jpg 1714w\" sizes=\"auto, (max-width: 345px) 100vw, 345px\" \/><\/figure>\n<\/div>\n\n\n\n<div class=\"wp-block-column is-layout-flow wp-block-column-is-layout-flow\">\n<figure class=\"wp-block-image size-large\"><img loading=\"lazy\" decoding=\"async\" width=\"1024\" height=\"685\" src=\"https:\/\/aequa.cc\/wp-content\/uploads\/2020\/11\/1-1024x685.jpg\" alt=\"\" class=\"wp-image-2270\" srcset=\"https:\/\/space.aequa.cc\/wp-content\/uploads\/2020\/11\/1-1024x685.jpg 1024w, https:\/\/space.aequa.cc\/wp-content\/uploads\/2020\/11\/1-scaled-600x402.jpg 600w, https:\/\/space.aequa.cc\/wp-content\/uploads\/2020\/11\/1-300x201.jpg 300w, https:\/\/space.aequa.cc\/wp-content\/uploads\/2020\/11\/1-768x514.jpg 768w, https:\/\/space.aequa.cc\/wp-content\/uploads\/2020\/11\/1-1536x1028.jpg 1536w, https:\/\/space.aequa.cc\/wp-content\/uploads\/2020\/11\/1-2048x1371.jpg 2048w\" sizes=\"auto, (max-width: 1024px) 100vw, 1024px\" \/><\/figure>\n<\/div>\n\n\n\n<div class=\"wp-block-column is-layout-flow wp-block-column-is-layout-flow\">\n<figure class=\"wp-block-image size-large\"><img loading=\"lazy\" decoding=\"async\" width=\"1024\" height=\"685\" src=\"https:\/\/aequa.cc\/wp-content\/uploads\/2020\/11\/DSC_0021-1024x685.jpg\" alt=\"\" class=\"wp-image-2278\" srcset=\"https:\/\/space.aequa.cc\/wp-content\/uploads\/2020\/11\/DSC_0021-1024x685.jpg 1024w, https:\/\/space.aequa.cc\/wp-content\/uploads\/2020\/11\/DSC_0021-scaled-600x402.jpg 600w, https:\/\/space.aequa.cc\/wp-content\/uploads\/2020\/11\/DSC_0021-300x201.jpg 300w, https:\/\/space.aequa.cc\/wp-content\/uploads\/2020\/11\/DSC_0021-768x514.jpg 768w, https:\/\/space.aequa.cc\/wp-content\/uploads\/2020\/11\/DSC_0021-1536x1028.jpg 1536w, https:\/\/space.aequa.cc\/wp-content\/uploads\/2020\/11\/DSC_0021-2048x1371.jpg 2048w\" sizes=\"auto, (max-width: 1024px) 100vw, 1024px\" \/><\/figure>\n<\/div>\n<\/div>\n\n\n\n<p class=\"has-text-align-center has-black-color has-text-color has-background\" id=\"block-25a44dff-3bf1-486a-86a7-953bec8d19d5\" style=\"background-color:#fe715d\">Alle B\u00fccher und zines wurden gespendet von Mitgliedern der Gemeinschaft-und aus <span style=\"text-decoration: underline;\"><a href=\"https:\/\/transfabel.de\/\">Trans*fabel<\/a> (<\/span>danke!!!).<br>Wenn Sie m\u00f6chten, um <strong>Spenden B\u00fccher<\/strong> oder andere Fragen haben, wenden Sie sich bitte mit der Bibliothek freiwillige.<\/p>\n\n\n\n<p><\/p>\n\n\n\n<hr class=\"wp-block-separator\"\/>\n\n\n\n<h1 class=\"wp-block-heading\" id=\"our-mission\"><span class=\"ez-toc-section\" id=\"Our_mission\"><\/span>Unsere mission<span class=\"ez-toc-section-end\"><\/span><\/h1>\n\n\n\n<p class=\"has-luminous-vivid-amber-background-color has-background\"><strong>Das Eigenkapital wurde die Bibliothek erstellt, die im Sommer 2020 zu erf\u00fcllen, einen unerf\u00fcllten Bedarf. Eine kleine Gruppe von Lesern, Autoren, Buch-Sammler und-Aktivisten kamen zusammen online, und begann zu tr\u00e4umen von eine community-Ressource, die highlights marginalisierte Autoren und Themen verbinden, um die Arbeit des aequa-Gemeinschaft \u2013 Solidarit\u00e4t, der gegenseitigen Unterst\u00fctzung und der sozialen Gerechtigkeit. Genau die Ressourcen oft fehlen von mainstream-Bibliotheken.<\/strong><br><br><strong>Wir stellten uns einen Raum nicht nur zu leihen, B\u00fccher und zines, sondern f\u00fcr die Menschen zu verbinden, um andere, wenn Sie wollen, zum Austausch von Gedanken und Ideen. Wir uns das vorgestellt haben community-Mitglieder die Entdeckung der Bibliothek eines Tages und nach einem unerwarteten Juwel in den Regalen \u2013 ein Buch, das Sie schon immer Lesen wollten, oder etwas verwunderlich, dass die w\u00fcrde nehmen Sie Ihr lernen in eine neue Richtung. Wir stellten uns der moment, in dem Sie gefunden eine Ressource, machte Ihnen das Gef\u00fchl, mehr zu sehen und weniger allein.<\/strong><br><br><strong>Sp\u00e4ter im Jahr, wir begann zu b\u00fcndeln, um diese Ressourcen von Spenden und die Schaffung von Strukturen ben\u00f6tigt, um das Projekt auszuf\u00fchren. Die Arbeit der Organisation einer Bibliothek brachte uns zusammen, als eine internationale und kollektive horizontale und erstellt eine f\u00fcrsorgliche Raum zum tr\u00e4umen gemeinsam unter einem winter-Pandemie sperren verf\u00fcgen. aequa Gemeinschaft, Unterst\u00fctzer, Freiwilligen, Mitarbeiter und Mitglieder der Arbeitsgruppen \u2013 begann, Termine zu machen, zu nehmen, Ressourcen und erz\u00e4hlte uns, wie sehr Sie genoss Sie. Die Bibliothek war immer real!<\/strong><br><br><strong>Jetzt, dass die community centre, beherbergt die Bibliothek wieder offen ist, mehr ist m\u00f6glich-und unsere Tr\u00e4ume zu bauen. Mehr Buch-events. Mehr Diskussion Gruppen. Mehr R\u00e4ume f\u00fcr Menschen, still zu sitzen zusammen und genie\u00dfen die Materialien, die wir haben, so viel Gl\u00fcck zu empfangen.<\/strong><br><br><strong>Wir freuen uns, den start f\u00fcr das neue Teil der Bibliothek, Reise und wenn Sie m\u00f6chten, begleiten Sie uns bei der Organisation, oder werden Sie ein Mitglied der Bibliothek selbst, wir freuen uns von Ihnen zu h\u00f6ren unter aequa dot library at gmail dot com.<\/strong><\/p>\n\n\n\n<p><\/p>","protected":false},"excerpt":{"rendered":"<p>Check out our new crowdfunding campaign to buy more amazing books for the library! The library is at the aequa community centre in Wedding at Exerzierstr. 14.\u00a0You can find more access details here.We&#8217;re in the process of working out a new system for checking out books &#8211; watch this space! Drop us a line at &#8230; <a title=\"Bibliothek\" class=\"read-more\" href=\"https:\/\/space.aequa.cc\/de\/library\/\" aria-label=\"Mehr bei Library\">Read More<\/a><\/p>","protected":false},"author":2,"featured_media":0,"parent":0,"menu_order":0,"comment_status":"closed","ping_status":"closed","template":"","meta":{"_monsterinsights_skip_tracking":false,"_monsterinsights_sitenote_active":false,"_monsterinsights_sitenote_note":"","_monsterinsights_sitenote_category":0,"_EventAllDay":false,"_EventTimezone":"","_EventStartDate":"","_EventEndDate":"","_EventStartDateUTC":"","_EventEndDateUTC":"","_EventShowMap":false,"_EventShowMapLink":false,"_EventURL":"","_EventCost":"","_EventCostDescription":"","_EventCurrencySymbol":"","_EventCurrencyCode":"","_EventCurrencyPosition":"","_EventDateTimeSeparator":"","_EventTimeRangeSeparator":"","_EventOrganizerID":[],"_EventVenueID":[],"_OrganizerEmail":"","_OrganizerPhone":"","_OrganizerWebsite":"","_VenueAddress":"","_VenueCity":"","_VenueCountry":"","_VenueProvince":"","_VenueState":"","_VenueZip":"","_VenuePhone":"","_VenueURL":"","_VenueStateProvince":"","_VenueLat":"","_VenueLng":"","_VenueShowMap":false,"_VenueShowMapLink":false,"footnotes":""},"class_list":["post-2224","page","type-page","status-publish"],"yoast_head":"<!-- This site is optimized with the Yoast SEO plugin v27.4 - https:\/\/yoast.com\/product\/yoast-seo-wordpress\/ -->\n<title>Library - aequa<\/title>\n<meta name=\"robots\" content=\"index, follow, max-snippet:-1, max-image-preview:large, max-video-preview:-1\" \/>\n<link rel=\"canonical\" href=\"https:\/\/space.aequa.cc\/de\/library\/\" \/>\n<meta property=\"og:locale\" content=\"de_DE\" \/>\n<meta property=\"og:type\" content=\"article\" \/>\n<meta property=\"og:title\" content=\"Library - aequa\" \/>\n<meta property=\"og:description\" content=\"Check out our new crowdfunding campaign to buy more amazing books for the library! The library is at the aequa community centre in Wedding at Exerzierstr. 14.\u00a0You can find more access details here.We&#8217;re in the process of working out a new system for checking out books &#8211; watch this space! Drop us a line at ... Read More\" \/>\n<meta property=\"og:url\" content=\"https:\/\/space.aequa.cc\/de\/library\/\" \/>\n<meta property=\"og:site_name\" content=\"aequa\" \/>\n<meta property=\"article:modified_time\" content=\"2022-02-09T08:54:54+00:00\" \/>\n<meta property=\"og:image\" content=\"https:\/\/aequa.cc\/wp-content\/uploads\/2021\/11\/aequa-Equity-Library-724x1024.jpeg\" \/>\n<meta name=\"twitter:card\" content=\"summary_large_image\" \/>\n<meta name=\"twitter:label1\" content=\"Gesch\u00e4tzte Lesezeit\" \/>\n\t<meta name=\"twitter:data1\" content=\"3\u00a0Minuten\" \/>\n<script type=\"application\/ld+json\" class=\"yoast-schema-graph\">{\"@context\":\"https:\\\/\\\/schema.org\",\"@graph\":[{\"@type\":\"WebPage\",\"@id\":\"https:\\\/\\\/space.aequa.cc\\\/library\\\/\",\"url\":\"https:\\\/\\\/space.aequa.cc\\\/library\\\/\",\"name\":\"Library - aequa\",\"isPartOf\":{\"@id\":\"https:\\\/\\\/space.aequa.cc\\\/#website\"},\"primaryImageOfPage\":{\"@id\":\"https:\\\/\\\/space.aequa.cc\\\/library\\\/#primaryimage\"},\"image\":{\"@id\":\"https:\\\/\\\/space.aequa.cc\\\/library\\\/#primaryimage\"},\"thumbnailUrl\":\"https:\\\/\\\/aequa.cc\\\/wp-content\\\/uploads\\\/2021\\\/11\\\/aequa-Equity-Library-724x1024.jpeg\",\"datePublished\":\"2020-10-26T10:37:16+00:00\",\"dateModified\":\"2022-02-09T08:54:54+00:00\",\"breadcrumb\":{\"@id\":\"https:\\\/\\\/space.aequa.cc\\\/library\\\/#breadcrumb\"},\"inLanguage\":\"de\",\"potentialAction\":[{\"@type\":\"ReadAction\",\"target\":[\"https:\\\/\\\/space.aequa.cc\\\/library\\\/\"]}]},{\"@type\":\"ImageObject\",\"inLanguage\":\"de\",\"@id\":\"https:\\\/\\\/space.aequa.cc\\\/library\\\/#primaryimage\",\"url\":\"https:\\\/\\\/aequa.cc\\\/wp-content\\\/uploads\\\/2021\\\/11\\\/aequa-Equity-Library-724x1024.jpeg\",\"contentUrl\":\"https:\\\/\\\/aequa.cc\\\/wp-content\\\/uploads\\\/2021\\\/11\\\/aequa-Equity-Library-724x1024.jpeg\"},{\"@type\":\"BreadcrumbList\",\"@id\":\"https:\\\/\\\/space.aequa.cc\\\/library\\\/#breadcrumb\",\"itemListElement\":[{\"@type\":\"ListItem\",\"position\":1,\"name\":\"Home\",\"item\":\"https:\\\/\\\/space.aequa.cc\\\/\"},{\"@type\":\"ListItem\",\"position\":2,\"name\":\"Library\"}]},{\"@type\":\"WebSite\",\"@id\":\"https:\\\/\\\/space.aequa.cc\\\/#website\",\"url\":\"https:\\\/\\\/space.aequa.cc\\\/\",\"name\":\"aequa\",\"description\":\"community for social equity\",\"publisher\":{\"@id\":\"https:\\\/\\\/space.aequa.cc\\\/#organization\"},\"potentialAction\":[{\"@type\":\"SearchAction\",\"target\":{\"@type\":\"EntryPoint\",\"urlTemplate\":\"https:\\\/\\\/space.aequa.cc\\\/?s={search_term_string}\"},\"query-input\":{\"@type\":\"PropertyValueSpecification\",\"valueRequired\":true,\"valueName\":\"search_term_string\"}}],\"inLanguage\":\"de\"},{\"@type\":\"Organization\",\"@id\":\"https:\\\/\\\/space.aequa.cc\\\/#organization\",\"name\":\"aequa\",\"url\":\"https:\\\/\\\/space.aequa.cc\\\/\",\"logo\":{\"@type\":\"ImageObject\",\"inLanguage\":\"de\",\"@id\":\"https:\\\/\\\/space.aequa.cc\\\/#\\\/schema\\\/logo\\\/image\\\/\",\"url\":\"https:\\\/\\\/space.aequa.cc\\\/wp-content\\\/uploads\\\/2020\\\/06\\\/cropped-aequa_logo-color-1.png\",\"contentUrl\":\"https:\\\/\\\/space.aequa.cc\\\/wp-content\\\/uploads\\\/2020\\\/06\\\/cropped-aequa_logo-color-1.png\",\"width\":1256,\"height\":313,\"caption\":\"aequa\"},\"image\":{\"@id\":\"https:\\\/\\\/space.aequa.cc\\\/#\\\/schema\\\/logo\\\/image\\\/\"}}]}<\/script>\n<!-- \/ Yoast SEO plugin. -->","yoast_head_json":{"title":"Library - aequa","robots":{"index":"index","follow":"follow","max-snippet":"max-snippet:-1","max-image-preview":"max-image-preview:large","max-video-preview":"max-video-preview:-1"},"canonical":"https:\/\/space.aequa.cc\/de\/library\/","og_locale":"de_DE","og_type":"article","og_title":"Library - aequa","og_description":"Check out our new crowdfunding campaign to buy more amazing books for the library! The library is at the aequa community centre in Wedding at Exerzierstr. 14.\u00a0You can find more access details here.We&#8217;re in the process of working out a new system for checking out books &#8211; watch this space! Drop us a line at ... Read More","og_url":"https:\/\/space.aequa.cc\/de\/library\/","og_site_name":"aequa","article_modified_time":"2022-02-09T08:54:54+00:00","og_image":[{"url":"https:\/\/aequa.cc\/wp-content\/uploads\/2021\/11\/aequa-Equity-Library-724x1024.jpeg","type":"","width":"","height":""}],"twitter_card":"summary_large_image","twitter_misc":{"Gesch\u00e4tzte Lesezeit":"3\u00a0Minuten"},"schema":{"@context":"https:\/\/schema.org","@graph":[{"@type":"WebPage","@id":"https:\/\/space.aequa.cc\/library\/","url":"https:\/\/space.aequa.cc\/library\/","name":"Library - aequa","isPartOf":{"@id":"https:\/\/space.aequa.cc\/#website"},"primaryImageOfPage":{"@id":"https:\/\/space.aequa.cc\/library\/#primaryimage"},"image":{"@id":"https:\/\/space.aequa.cc\/library\/#primaryimage"},"thumbnailUrl":"https:\/\/aequa.cc\/wp-content\/uploads\/2021\/11\/aequa-Equity-Library-724x1024.jpeg","datePublished":"2020-10-26T10:37:16+00:00","dateModified":"2022-02-09T08:54:54+00:00","breadcrumb":{"@id":"https:\/\/space.aequa.cc\/library\/#breadcrumb"},"inLanguage":"de","potentialAction":[{"@type":"ReadAction","target":["https:\/\/space.aequa.cc\/library\/"]}]},{"@type":"ImageObject","inLanguage":"de","@id":"https:\/\/space.aequa.cc\/library\/#primaryimage","url":"https:\/\/aequa.cc\/wp-content\/uploads\/2021\/11\/aequa-Equity-Library-724x1024.jpeg","contentUrl":"https:\/\/aequa.cc\/wp-content\/uploads\/2021\/11\/aequa-Equity-Library-724x1024.jpeg"},{"@type":"BreadcrumbList","@id":"https:\/\/space.aequa.cc\/library\/#breadcrumb","itemListElement":[{"@type":"ListItem","position":1,"name":"Home","item":"https:\/\/space.aequa.cc\/"},{"@type":"ListItem","position":2,"name":"Library"}]},{"@type":"WebSite","@id":"https:\/\/space.aequa.cc\/#website","url":"https:\/\/space.aequa.cc\/","name":"aequa","description":"community for social equity","publisher":{"@id":"https:\/\/space.aequa.cc\/#organization"},"potentialAction":[{"@type":"SearchAction","target":{"@type":"EntryPoint","urlTemplate":"https:\/\/space.aequa.cc\/?s={search_term_string}"},"query-input":{"@type":"PropertyValueSpecification","valueRequired":true,"valueName":"search_term_string"}}],"inLanguage":"de"},{"@type":"Organization","@id":"https:\/\/space.aequa.cc\/#organization","name":"aequa","url":"https:\/\/space.aequa.cc\/","logo":{"@type":"ImageObject","inLanguage":"de","@id":"https:\/\/space.aequa.cc\/#\/schema\/logo\/image\/","url":"https:\/\/space.aequa.cc\/wp-content\/uploads\/2020\/06\/cropped-aequa_logo-color-1.png","contentUrl":"https:\/\/space.aequa.cc\/wp-content\/uploads\/2020\/06\/cropped-aequa_logo-color-1.png","width":1256,"height":313,"caption":"aequa"},"image":{"@id":"https:\/\/space.aequa.cc\/#\/schema\/logo\/image\/"}}]}},"_links":{"self":[{"href":"https:\/\/space.aequa.cc\/de\/wp-json\/wp\/v2\/pages\/2224","targetHints":{"allow":["GET"]}}],"collection":[{"href":"https:\/\/space.aequa.cc\/de\/wp-json\/wp\/v2\/pages"}],"about":[{"href":"https:\/\/space.aequa.cc\/de\/wp-json\/wp\/v2\/types\/page"}],"author":[{"embeddable":true,"href":"https:\/\/space.aequa.cc\/de\/wp-json\/wp\/v2\/users\/2"}],"replies":[{"embeddable":true,"href":"https:\/\/space.aequa.cc\/de\/wp-json\/wp\/v2\/comments?post=2224"}],"version-history":[{"count":40,"href":"https:\/\/space.aequa.cc\/de\/wp-json\/wp\/v2\/pages\/2224\/revisions"}],"predecessor-version":[{"id":4136,"href":"https:\/\/space.aequa.cc\/de\/wp-json\/wp\/v2\/pages\/2224\/revisions\/4136"}],"wp:attachment":[{"href":"https:\/\/space.aequa.cc\/de\/wp-json\/wp\/v2\/media?parent=2224"}],"curies":[{"name":"wp","href":"https:\/\/api.w.org\/{rel}","templated":true}]}}