{"id":3686,"date":"2022-01-11T11:14:48","date_gmt":"2022-01-11T10:14:48","guid":{"rendered":"https:\/\/aequa.cc\/?page_id=3686"},"modified":"2023-02-02T16:10:33","modified_gmt":"2023-02-02T15:10:33","slug":"home","status":"publish","type":"page","link":"https:\/\/space.aequa.cc\/de\/","title":{"rendered":""},"content":{"rendered":"<figure class=\"wp-block-image size-full\"><img loading=\"lazy\" decoding=\"async\" width=\"8313\" height=\"1251\" src=\"https:\/\/aequa.cc\/wp-content\/uploads\/2023\/02\/AEQ_Baustelle-07-1.png\" alt=\"\" class=\"wp-image-4772\" srcset=\"https:\/\/space.aequa.cc\/wp-content\/uploads\/2023\/02\/AEQ_Baustelle-07-1.png 8313w, https:\/\/space.aequa.cc\/wp-content\/uploads\/2023\/02\/AEQ_Baustelle-07-1-300x45.png 300w, https:\/\/space.aequa.cc\/wp-content\/uploads\/2023\/02\/AEQ_Baustelle-07-1-1024x154.png 1024w, https:\/\/space.aequa.cc\/wp-content\/uploads\/2023\/02\/AEQ_Baustelle-07-1-768x116.png 768w, https:\/\/space.aequa.cc\/wp-content\/uploads\/2023\/02\/AEQ_Baustelle-07-1-1536x231.png 1536w, https:\/\/space.aequa.cc\/wp-content\/uploads\/2023\/02\/AEQ_Baustelle-07-1-2048x308.png 2048w, https:\/\/space.aequa.cc\/wp-content\/uploads\/2023\/02\/AEQ_Baustelle-07-1-18x3.png 18w, https:\/\/space.aequa.cc\/wp-content\/uploads\/2023\/02\/AEQ_Baustelle-07-1-600x90.png 600w, https:\/\/space.aequa.cc\/wp-content\/uploads\/2023\/02\/AEQ_Baustelle-07-1-190x29.png 190w, https:\/\/space.aequa.cc\/wp-content\/uploads\/2023\/02\/AEQ_Baustelle-07-1-598x90.png 598w\" sizes=\"auto, (max-width: 8313px) 100vw, 8313px\" \/><\/figure>\n\n\n\n<div class=\"wp-block-media-text alignwide is-stacked-on-mobile\"><figure class=\"wp-block-media-text__media\"><img loading=\"lazy\" decoding=\"async\" width=\"1024\" height=\"683\" src=\"https:\/\/aequa.cc\/wp-content\/uploads\/2022\/01\/foto_Anna_Wyszomierska-3415-1024x683.jpeg\" alt=\"Several people moving around the main space of aequa community centre - a coworking and community space in Berlin\" class=\"wp-image-3689 size-full\" srcset=\"https:\/\/space.aequa.cc\/wp-content\/uploads\/2022\/01\/foto_Anna_Wyszomierska-3415-1024x683.jpeg 1024w, https:\/\/space.aequa.cc\/wp-content\/uploads\/2022\/01\/foto_Anna_Wyszomierska-3415-300x200.jpeg 300w, https:\/\/space.aequa.cc\/wp-content\/uploads\/2022\/01\/foto_Anna_Wyszomierska-3415-768x512.jpeg 768w, https:\/\/space.aequa.cc\/wp-content\/uploads\/2022\/01\/foto_Anna_Wyszomierska-3415-1536x1024.jpeg 1536w, https:\/\/space.aequa.cc\/wp-content\/uploads\/2022\/01\/foto_Anna_Wyszomierska-3415-600x400.jpeg 600w, https:\/\/space.aequa.cc\/wp-content\/uploads\/2022\/01\/foto_Anna_Wyszomierska-3415-90x60.jpeg 90w, https:\/\/space.aequa.cc\/wp-content\/uploads\/2022\/01\/foto_Anna_Wyszomierska-3415-135x90.jpeg 135w, https:\/\/space.aequa.cc\/wp-content\/uploads\/2022\/01\/foto_Anna_Wyszomierska-3415.jpeg 2048w\" sizes=\"auto, (max-width: 1024px) 100vw, 1024px\" \/><\/figure><div class=\"wp-block-media-text__content\">\n<p class=\"has-large-font-size\">Workshops Collective<\/p>\n\n\n\n<p style=\"font-size:18px\">Want to learn more about topics like social equity, inclusion, purpose-finding, interpersonal communication or equitable organising? Our collective of experienced facilitators is here for organisational and individual trainings, coaching and consulting.<\/p>\n\n\n\n<p style=\"font-size:18px\"><a data-type=\"URL\" data-id=\"https:\/\/aequa.cc\/workshops\/\" href=\"https:\/\/aequa.cc\/workshops\/\" target=\"_blank\" rel=\"noreferrer noopener\"><span style=\"text-decoration: underline;\"><\/span><\/a><a href=\"https:\/\/aequa.cc\/workshops\/\" target=\"_blank\" rel=\"noreferrer noopener\">\u27a1\ufe0f<\/a> <a data-type=\"URL\" data-id=\"https:\/\/aequa.cc\/workshops\/\" href=\"https:\/\/aequa.cc\/workshops\/\" target=\"_blank\" rel=\"noreferrer noopener\"><span style=\"text-decoration: underline;\">Book an interactive workshop <\/span><\/a><\/p>\n<\/div><\/div>\n\n\n\n<div class=\"wp-block-media-text alignwide is-stacked-on-mobile\"><figure class=\"wp-block-media-text__media\"><img loading=\"lazy\" decoding=\"async\" width=\"1024\" height=\"683\" src=\"https:\/\/aequa.cc\/wp-content\/uploads\/2022\/01\/foto_Anna_Wyszomierska-3172-1024x683.jpeg\" alt=\"A photo of two people at the coffee bar of aequa community centre in Berlin - a space for coworking and community events. \" class=\"wp-image-3687 size-full\" srcset=\"https:\/\/space.aequa.cc\/wp-content\/uploads\/2022\/01\/foto_Anna_Wyszomierska-3172-1024x683.jpeg 1024w, https:\/\/space.aequa.cc\/wp-content\/uploads\/2022\/01\/foto_Anna_Wyszomierska-3172-300x200.jpeg 300w, https:\/\/space.aequa.cc\/wp-content\/uploads\/2022\/01\/foto_Anna_Wyszomierska-3172-768x512.jpeg 768w, https:\/\/space.aequa.cc\/wp-content\/uploads\/2022\/01\/foto_Anna_Wyszomierska-3172-1536x1024.jpeg 1536w, https:\/\/space.aequa.cc\/wp-content\/uploads\/2022\/01\/foto_Anna_Wyszomierska-3172-600x400.jpeg 600w, https:\/\/space.aequa.cc\/wp-content\/uploads\/2022\/01\/foto_Anna_Wyszomierska-3172.jpeg 2048w\" sizes=\"auto, (max-width: 1024px) 100vw, 1024px\" \/><\/figure><div class=\"wp-block-media-text__content\">\n<p class=\"has-large-font-size\">Community<\/p>\n\n\n\n<p style=\"font-size:18px\">Gemeinsam erkunden wir sowohl unser individuelles Potenzial als auch unsere kollektive Kraft. Von schneller Onlineunterst\u00fctzung bis zu langfristigen Gemeinschaftsprojekten gibt es viele verschiedene M\u00f6glichkeiten, sich zu engagieren. Unsere Arbeit konzentriert sich auf gegenseitige Unterst\u00fctzung, Solidarit\u00e4t und soziale Gerechtigkeit.<\/p>\n\n\n\n<div class=\"wp-block-columns is-layout-flex wp-container-core-columns-is-layout-9d6595d7 wp-block-columns-is-layout-flex\">\n<div class=\"wp-block-column is-layout-flow wp-block-column-is-layout-flow\" style=\"flex-basis:50%\">\n<p style=\"font-size:18px\"><a data-type=\"URL\" data-id=\"https:\/\/aequa.cc\/about\/\" href=\"https:\/\/aequa.cc\/about\/\" target=\"_blank\" rel=\"noreferrer noopener\"><span style=\"text-decoration: underline;\">\ud83d\udcda Our story<\/span><\/a><\/p>\n\n\n\n<p style=\"font-size:18px\"><a href=\"https:\/\/aequa.cc\/donate\/\" target=\"_blank\" rel=\"noreferrer noopener\"><span style=\"text-decoration: underline;\">\u2728 Become a supporter<\/span><\/a><\/p>\n<\/div>\n\n\n\n<div class=\"wp-block-column is-layout-flow wp-block-column-is-layout-flow\" style=\"flex-basis:50%\">\n<p style=\"font-size:18px\"><a data-type=\"URL\" data-id=\"https:\/\/aequa.cc\/events\/\" href=\"https:\/\/aequa.cc\/events\/\" target=\"_blank\" rel=\"noreferrer noopener\"><span style=\"text-decoration: underline;\">\ud83d\udcc6 Events<\/span><\/a><\/p>\n<\/div>\n<\/div>\n<\/div><\/div>\n\n\n\n<hr class=\"wp-block-separator has-text-color has-css-opacity has-background is-style-default\" style=\"background-color:#ff8d5f;color:#ff8d5f\"\/>\n\n\n\n<p class=\"has-large-font-size\">Kommende Veranstaltungen<\/p>\n\n\n\n<script data-js='tribe-events-view-nonce-data' type='application\/json'>{\"tvn1\":\"07da5a4175\",\"tvn2\":\"\"}<\/script>\n\n\n\n<p class=\"has-white-background-color has-background has-medium-font-size\">Alle bisherigen und kommenden Veranstaltungen findest du auf <a href=\"https:\/\/aequa.cc\/events\/\" target=\"_blank\" rel=\"noreferrer noopener\"><span style=\"text-decoration: underline;\">unserer Veranstaltungs-Seite<\/span><\/a><\/p>\n\n\n\n<figure class=\"wp-block-image size-full\"><a href=\"https:\/\/aequa.cc\/community\/\" target=\"_blank\" rel=\"noopener\"><img loading=\"lazy\" decoding=\"async\" width=\"1592\" height=\"344\" src=\"https:\/\/aequa.cc\/wp-content\/uploads\/2022\/02\/Become-a-community-supporter-1.png\" alt=\"\" class=\"wp-image-4209\" srcset=\"https:\/\/space.aequa.cc\/wp-content\/uploads\/2022\/02\/Become-a-community-supporter-1.png 1592w, https:\/\/space.aequa.cc\/wp-content\/uploads\/2022\/02\/Become-a-community-supporter-1-300x65.png 300w, https:\/\/space.aequa.cc\/wp-content\/uploads\/2022\/02\/Become-a-community-supporter-1-1024x221.png 1024w, https:\/\/space.aequa.cc\/wp-content\/uploads\/2022\/02\/Become-a-community-supporter-1-768x166.png 768w, https:\/\/space.aequa.cc\/wp-content\/uploads\/2022\/02\/Become-a-community-supporter-1-1536x332.png 1536w, https:\/\/space.aequa.cc\/wp-content\/uploads\/2022\/02\/Become-a-community-supporter-1-600x130.png 600w, https:\/\/space.aequa.cc\/wp-content\/uploads\/2022\/02\/Become-a-community-supporter-1-190x41.png 190w, https:\/\/space.aequa.cc\/wp-content\/uploads\/2022\/02\/Become-a-community-supporter-1-417x90.png 417w\" sizes=\"auto, (max-width: 1592px) 100vw, 1592px\" \/><\/a><\/figure>","protected":false},"excerpt":{"rendered":"<p>Workshops Collective Want to learn more about topics like social equity, inclusion, purpose-finding, interpersonal communication or equitable organising? Our collective of experienced facilitators is here for organisational and individual trainings, coaching and consulting. \u27a1\ufe0f Book an interactive workshop Upcoming events View all previous and upcoming events on our Events page<\/p>","protected":false},"author":2,"featured_media":0,"parent":0,"menu_order":0,"comment_status":"closed","ping_status":"closed","template":"","meta":{"_monsterinsights_skip_tracking":false,"_monsterinsights_sitenote_active":false,"_monsterinsights_sitenote_note":"","_monsterinsights_sitenote_category":0,"_EventAllDay":false,"_EventTimezone":"","_EventStartDate":"","_EventEndDate":"","_EventStartDateUTC":"","_EventEndDateUTC":"","_EventShowMap":false,"_EventShowMapLink":false,"_EventURL":"","_EventCost":"","_EventCostDescription":"","_EventCurrencySymbol":"","_EventCurrencyCode":"","_EventCurrencyPosition":"","_EventDateTimeSeparator":"","_EventTimeRangeSeparator":"","_EventOrganizerID":[],"_EventVenueID":[],"_OrganizerEmail":"","_OrganizerPhone":"","_OrganizerWebsite":"","_VenueAddress":"","_VenueCity":"","_VenueCountry":"","_VenueProvince":"","_VenueState":"","_VenueZip":"","_VenuePhone":"","_VenueURL":"","_VenueStateProvince":"","_VenueLat":"","_VenueLng":"","_VenueShowMap":false,"_VenueShowMapLink":false,"footnotes":""},"class_list":["post-3686","page","type-page","status-publish"],"yoast_head":"<!-- This site is optimized with the Yoast SEO plugin v27.3 - https:\/\/yoast.com\/product\/yoast-seo-wordpress\/ -->\n<title>aequa - a Berlin community project<\/title>\n<meta name=\"description\" content=\"aequa is a community of people who work towards social equity, mutual support and solidarity. We have a community centre in Berlin Wedding.\" \/>\n<meta name=\"robots\" content=\"index, follow, max-snippet:-1, max-image-preview:large, max-video-preview:-1\" \/>\n<link rel=\"canonical\" href=\"https:\/\/space.aequa.cc\/de\/\" \/>\n<meta property=\"og:locale\" content=\"de_DE\" \/>\n<meta property=\"og:type\" content=\"article\" \/>\n<meta property=\"og:title\" content=\"aequa - a Berlin community project\" \/>\n<meta property=\"og:description\" content=\"aequa is a community of people who work towards social equity, mutual support and solidarity. We have a community centre in Berlin Wedding.\" \/>\n<meta property=\"og:url\" content=\"https:\/\/space.aequa.cc\/de\/\" \/>\n<meta property=\"og:site_name\" content=\"aequa\" \/>\n<meta property=\"article:modified_time\" content=\"2023-02-02T15:10:33+00:00\" \/>\n<meta property=\"og:image\" content=\"https:\/\/aequa.cc\/wp-content\/uploads\/2023\/02\/AEQ_Baustelle-07-1.png\" \/>\n<meta name=\"twitter:card\" content=\"summary_large_image\" \/>\n<meta name=\"twitter:label1\" content=\"Gesch\u00e4tzte Lesezeit\" \/>\n\t<meta name=\"twitter:data1\" content=\"2\u00a0Minuten\" \/>\n<script type=\"application\/ld+json\" class=\"yoast-schema-graph\">{\"@context\":\"https:\\\/\\\/schema.org\",\"@graph\":[{\"@type\":\"WebPage\",\"@id\":\"https:\\\/\\\/space.aequa.cc\\\/\",\"url\":\"https:\\\/\\\/space.aequa.cc\\\/\",\"name\":\"aequa - a Berlin community project\",\"isPartOf\":{\"@id\":\"https:\\\/\\\/space.aequa.cc\\\/#website\"},\"primaryImageOfPage\":{\"@id\":\"https:\\\/\\\/space.aequa.cc\\\/#primaryimage\"},\"image\":{\"@id\":\"https:\\\/\\\/space.aequa.cc\\\/#primaryimage\"},\"thumbnailUrl\":\"https:\\\/\\\/aequa.cc\\\/wp-content\\\/uploads\\\/2023\\\/02\\\/AEQ_Baustelle-07-1.png\",\"datePublished\":\"2022-01-11T10:14:48+00:00\",\"dateModified\":\"2023-02-02T15:10:33+00:00\",\"description\":\"aequa is a community of people who work towards social equity, mutual support and solidarity. We have a community centre in Berlin Wedding.\",\"inLanguage\":\"de\",\"potentialAction\":[{\"@type\":\"ReadAction\",\"target\":[\"https:\\\/\\\/space.aequa.cc\\\/\"]}]},{\"@type\":\"ImageObject\",\"inLanguage\":\"de\",\"@id\":\"https:\\\/\\\/space.aequa.cc\\\/#primaryimage\",\"url\":\"https:\\\/\\\/aequa.cc\\\/wp-content\\\/uploads\\\/2023\\\/02\\\/AEQ_Baustelle-07-1.png\",\"contentUrl\":\"https:\\\/\\\/aequa.cc\\\/wp-content\\\/uploads\\\/2023\\\/02\\\/AEQ_Baustelle-07-1.png\"},{\"@type\":\"WebSite\",\"@id\":\"https:\\\/\\\/space.aequa.cc\\\/#website\",\"url\":\"https:\\\/\\\/space.aequa.cc\\\/\",\"name\":\"aequa\",\"description\":\"community for social equity\",\"publisher\":{\"@id\":\"https:\\\/\\\/space.aequa.cc\\\/#organization\"},\"potentialAction\":[{\"@type\":\"SearchAction\",\"target\":{\"@type\":\"EntryPoint\",\"urlTemplate\":\"https:\\\/\\\/space.aequa.cc\\\/?s={search_term_string}\"},\"query-input\":{\"@type\":\"PropertyValueSpecification\",\"valueRequired\":true,\"valueName\":\"search_term_string\"}}],\"inLanguage\":\"de\"},{\"@type\":\"Organization\",\"@id\":\"https:\\\/\\\/space.aequa.cc\\\/#organization\",\"name\":\"aequa\",\"url\":\"https:\\\/\\\/space.aequa.cc\\\/\",\"logo\":{\"@type\":\"ImageObject\",\"inLanguage\":\"de\",\"@id\":\"https:\\\/\\\/space.aequa.cc\\\/#\\\/schema\\\/logo\\\/image\\\/\",\"url\":\"https:\\\/\\\/space.aequa.cc\\\/wp-content\\\/uploads\\\/2020\\\/06\\\/cropped-aequa_logo-color-1.png\",\"contentUrl\":\"https:\\\/\\\/space.aequa.cc\\\/wp-content\\\/uploads\\\/2020\\\/06\\\/cropped-aequa_logo-color-1.png\",\"width\":1256,\"height\":313,\"caption\":\"aequa\"},\"image\":{\"@id\":\"https:\\\/\\\/space.aequa.cc\\\/#\\\/schema\\\/logo\\\/image\\\/\"}}]}<\/script>\n<!-- \/ Yoast SEO plugin. -->","yoast_head_json":{"title":"aequa - a Berlin community project","description":"aequa is a community of people who work towards social equity, mutual support and solidarity. We have a community centre in Berlin Wedding.","robots":{"index":"index","follow":"follow","max-snippet":"max-snippet:-1","max-image-preview":"max-image-preview:large","max-video-preview":"max-video-preview:-1"},"canonical":"https:\/\/space.aequa.cc\/de\/","og_locale":"de_DE","og_type":"article","og_title":"aequa - a Berlin community project","og_description":"aequa is a community of people who work towards social equity, mutual support and solidarity. We have a community centre in Berlin Wedding.","og_url":"https:\/\/space.aequa.cc\/de\/","og_site_name":"aequa","article_modified_time":"2023-02-02T15:10:33+00:00","og_image":[{"url":"https:\/\/aequa.cc\/wp-content\/uploads\/2023\/02\/AEQ_Baustelle-07-1.png","type":"","width":"","height":""}],"twitter_card":"summary_large_image","twitter_misc":{"Gesch\u00e4tzte Lesezeit":"2\u00a0Minuten"},"schema":{"@context":"https:\/\/schema.org","@graph":[{"@type":"WebPage","@id":"https:\/\/space.aequa.cc\/","url":"https:\/\/space.aequa.cc\/","name":"aequa - a Berlin community project","isPartOf":{"@id":"https:\/\/space.aequa.cc\/#website"},"primaryImageOfPage":{"@id":"https:\/\/space.aequa.cc\/#primaryimage"},"image":{"@id":"https:\/\/space.aequa.cc\/#primaryimage"},"thumbnailUrl":"https:\/\/aequa.cc\/wp-content\/uploads\/2023\/02\/AEQ_Baustelle-07-1.png","datePublished":"2022-01-11T10:14:48+00:00","dateModified":"2023-02-02T15:10:33+00:00","description":"aequa is a community of people who work towards social equity, mutual support and solidarity. We have a community centre in Berlin Wedding.","inLanguage":"de","potentialAction":[{"@type":"ReadAction","target":["https:\/\/space.aequa.cc\/"]}]},{"@type":"ImageObject","inLanguage":"de","@id":"https:\/\/space.aequa.cc\/#primaryimage","url":"https:\/\/aequa.cc\/wp-content\/uploads\/2023\/02\/AEQ_Baustelle-07-1.png","contentUrl":"https:\/\/aequa.cc\/wp-content\/uploads\/2023\/02\/AEQ_Baustelle-07-1.png"},{"@type":"WebSite","@id":"https:\/\/space.aequa.cc\/#website","url":"https:\/\/space.aequa.cc\/","name":"aequa","description":"community for social equity","publisher":{"@id":"https:\/\/space.aequa.cc\/#organization"},"potentialAction":[{"@type":"SearchAction","target":{"@type":"EntryPoint","urlTemplate":"https:\/\/space.aequa.cc\/?s={search_term_string}"},"query-input":{"@type":"PropertyValueSpecification","valueRequired":true,"valueName":"search_term_string"}}],"inLanguage":"de"},{"@type":"Organization","@id":"https:\/\/space.aequa.cc\/#organization","name":"aequa","url":"https:\/\/space.aequa.cc\/","logo":{"@type":"ImageObject","inLanguage":"de","@id":"https:\/\/space.aequa.cc\/#\/schema\/logo\/image\/","url":"https:\/\/space.aequa.cc\/wp-content\/uploads\/2020\/06\/cropped-aequa_logo-color-1.png","contentUrl":"https:\/\/space.aequa.cc\/wp-content\/uploads\/2020\/06\/cropped-aequa_logo-color-1.png","width":1256,"height":313,"caption":"aequa"},"image":{"@id":"https:\/\/space.aequa.cc\/#\/schema\/logo\/image\/"}}]}},"_links":{"self":[{"href":"https:\/\/space.aequa.cc\/de\/wp-json\/wp\/v2\/pages\/3686","targetHints":{"allow":["GET"]}}],"collection":[{"href":"https:\/\/space.aequa.cc\/de\/wp-json\/wp\/v2\/pages"}],"about":[{"href":"https:\/\/space.aequa.cc\/de\/wp-json\/wp\/v2\/types\/page"}],"author":[{"embeddable":true,"href":"https:\/\/space.aequa.cc\/de\/wp-json\/wp\/v2\/users\/2"}],"replies":[{"embeddable":true,"href":"https:\/\/space.aequa.cc\/de\/wp-json\/wp\/v2\/comments?post=3686"}],"version-history":[{"count":44,"href":"https:\/\/space.aequa.cc\/de\/wp-json\/wp\/v2\/pages\/3686\/revisions"}],"predecessor-version":[{"id":4773,"href":"https:\/\/space.aequa.cc\/de\/wp-json\/wp\/v2\/pages\/3686\/revisions\/4773"}],"wp:attachment":[{"href":"https:\/\/space.aequa.cc\/de\/wp-json\/wp\/v2\/media?parent=3686"}],"curies":[{"name":"wp","href":"https:\/\/api.w.org\/{rel}","templated":true}]}}