{"id":4085,"date":"2022-01-25T17:40:20","date_gmt":"2022-01-25T16:40:20","guid":{"rendered":"https:\/\/aequa.cc\/?page_id=4085"},"modified":"2022-02-25T12:20:52","modified_gmt":"2022-02-25T11:20:52","slug":"payment-info","status":"publish","type":"page","link":"https:\/\/space.aequa.cc\/de\/payment-info\/","title":{"rendered":"Zahlungsinfos"},"content":{"rendered":"<p>Wir freuen uns sehr \u00fcber jeden finanziellen Beitrag, mit dem du unsere Arbeit unterst\u00fctzen kannst. Wir schlagen immer eine gleitende Skala von Beitr\u00e4gen vor, die sich nach deinem Einkommen richtet. <br><br>Diese Beitr\u00e4ge werden auf die folgenden Kosten aufgeteilt: Steuern, L\u00f6hne f\u00fcr die Moderation und das Lerndesign des Materials und Betriebskosten (Miete, Material, Software, Verwaltungsgeb\u00fchren, andere Rechnungen).<\/p>\n\n\n\n<h2 class=\"has-background wp-block-heading\" style=\"background-color:#f8e18b\"><span class=\"ez-toc-section\" id=\"You_can_make_a_payment_in_one_of_the_following_ways\"><\/span>Du kannst eine Zahlung auf eine der folgenden Arten leisten:<span class=\"ez-toc-section-end\"><\/span><\/h2>\n\n\n\n<p><strong>PayPal:<\/strong> <a href=\"mailto:hello@aequa.cc\">hello@aequa.cc<\/a><\/p>\n\n\n\n<p><strong>Bank\u00fcberweisung: <\/strong><br><em>Kontoinhaber:<\/em> aequa CC UG (haftungsbeschr\u00e4nkt)<br><em>Bank:<\/em> GLS Bank<br><em>IBAN:<\/em> DE76 4306 0967 1053 9675 00<br><em>BIC:<\/em> GENODEM1GLS<\/p>\n\n\n\n<p class=\"has-background\" style=\"background-color:#f8e18b\">Bitte gib im Feld f\u00fcr den Verwendungszweck deiner Zahlung an, ob dein Beitrag eine \u201callgemeine Spende\u201d oder eine Spende f\u00fcr eine bestimmte Veranstaltung oder Initiative ist. <\/p>\n\n\n\n<h2 class=\"wp-block-heading\"><span class=\"ez-toc-section\" id=\"OR_become_a_monthly_supporter_on_Patreon_starting_from_5Emonth\"><\/span>ODER werde ein monatlicher Unterst\u00fctzer auf <a href=\"http:\/\/www.patreon.com\/aequa\/\">Patreon<\/a>, ab 5\u20ac\/Monat<span class=\"ez-toc-section-end\"><\/span><\/h2>\n\n\n\n<p>Vielen Dank! <\/p>\n\n\n\n<hr class=\"wp-block-separator\"\/>","protected":false},"excerpt":{"rendered":"<p>We greatly appreciate any financial contributions you can make to support our work. For events or workshops, we will always try to suggest a sliding scale of contributions based on your income. These contributions are split between the following costs: taxes, wages, contractors, debt, and operations costs (rent, supplies, software, administration fees, other bills). You &#8230; <a title=\"Zahlungsinfos\" class=\"read-more\" href=\"https:\/\/space.aequa.cc\/de\/payment-info\/\" aria-label=\"Mehr bei Payment Info\">Read More<\/a><\/p>","protected":false},"author":3,"featured_media":0,"parent":0,"menu_order":0,"comment_status":"closed","ping_status":"closed","template":"","meta":{"_monsterinsights_skip_tracking":false,"_monsterinsights_sitenote_active":false,"_monsterinsights_sitenote_note":"","_monsterinsights_sitenote_category":0,"_EventAllDay":false,"_EventTimezone":"","_EventStartDate":"","_EventEndDate":"","_EventStartDateUTC":"","_EventEndDateUTC":"","_EventShowMap":false,"_EventShowMapLink":false,"_EventURL":"","_EventCost":"","_EventCostDescription":"","_EventCurrencySymbol":"","_EventCurrencyCode":"","_EventCurrencyPosition":"","_EventDateTimeSeparator":"","_EventTimeRangeSeparator":"","_EventOrganizerID":[],"_EventVenueID":[],"_OrganizerEmail":"","_OrganizerPhone":"","_OrganizerWebsite":"","_VenueAddress":"","_VenueCity":"","_VenueCountry":"","_VenueProvince":"","_VenueState":"","_VenueZip":"","_VenuePhone":"","_VenueURL":"","_VenueStateProvince":"","_VenueLat":"","_VenueLng":"","_VenueShowMap":false,"_VenueShowMapLink":false,"footnotes":""},"class_list":["post-4085","page","type-page","status-publish"],"yoast_head":"<!-- This site is optimized with the Yoast SEO plugin v27.5 - https:\/\/yoast.com\/product\/yoast-seo-wordpress\/ -->\n<title>Payment Info - aequa<\/title>\n<meta name=\"robots\" content=\"index, follow, max-snippet:-1, max-image-preview:large, max-video-preview:-1\" \/>\n<link rel=\"canonical\" href=\"https:\/\/space.aequa.cc\/de\/payment-info\/\" \/>\n<meta property=\"og:locale\" content=\"de_DE\" \/>\n<meta property=\"og:type\" content=\"article\" \/>\n<meta property=\"og:title\" content=\"Payment Info - aequa\" \/>\n<meta property=\"og:description\" content=\"We greatly appreciate any financial contributions you can make to support our work. For events or workshops, we will always try to suggest a sliding scale of contributions based on your income. These contributions are split between the following costs: taxes, wages, contractors, debt, and operations costs (rent, supplies, software, administration fees, other bills). You ... Read More\" \/>\n<meta property=\"og:url\" content=\"https:\/\/space.aequa.cc\/de\/payment-info\/\" \/>\n<meta property=\"og:site_name\" content=\"aequa\" \/>\n<meta property=\"article:modified_time\" content=\"2022-02-25T11:20:52+00:00\" \/>\n<meta name=\"twitter:card\" content=\"summary_large_image\" \/>\n<meta name=\"twitter:label1\" content=\"Gesch\u00e4tzte Lesezeit\" \/>\n\t<meta name=\"twitter:data1\" content=\"1\u00a0Minute\" \/>\n<script type=\"application\/ld+json\" class=\"yoast-schema-graph\">{\"@context\":\"https:\\\/\\\/schema.org\",\"@graph\":[{\"@type\":\"WebPage\",\"@id\":\"https:\\\/\\\/space.aequa.cc\\\/payment-info\\\/\",\"url\":\"https:\\\/\\\/space.aequa.cc\\\/payment-info\\\/\",\"name\":\"Payment Info - aequa\",\"isPartOf\":{\"@id\":\"https:\\\/\\\/space.aequa.cc\\\/#website\"},\"datePublished\":\"2022-01-25T16:40:20+00:00\",\"dateModified\":\"2022-02-25T11:20:52+00:00\",\"breadcrumb\":{\"@id\":\"https:\\\/\\\/space.aequa.cc\\\/payment-info\\\/#breadcrumb\"},\"inLanguage\":\"de\",\"potentialAction\":[{\"@type\":\"ReadAction\",\"target\":[\"https:\\\/\\\/space.aequa.cc\\\/payment-info\\\/\"]}]},{\"@type\":\"BreadcrumbList\",\"@id\":\"https:\\\/\\\/space.aequa.cc\\\/payment-info\\\/#breadcrumb\",\"itemListElement\":[{\"@type\":\"ListItem\",\"position\":1,\"name\":\"Home\",\"item\":\"https:\\\/\\\/space.aequa.cc\\\/\"},{\"@type\":\"ListItem\",\"position\":2,\"name\":\"Payment Info\"}]},{\"@type\":\"WebSite\",\"@id\":\"https:\\\/\\\/space.aequa.cc\\\/#website\",\"url\":\"https:\\\/\\\/space.aequa.cc\\\/\",\"name\":\"aequa\",\"description\":\"community for social equity\",\"publisher\":{\"@id\":\"https:\\\/\\\/space.aequa.cc\\\/#organization\"},\"potentialAction\":[{\"@type\":\"SearchAction\",\"target\":{\"@type\":\"EntryPoint\",\"urlTemplate\":\"https:\\\/\\\/space.aequa.cc\\\/?s={search_term_string}\"},\"query-input\":{\"@type\":\"PropertyValueSpecification\",\"valueRequired\":true,\"valueName\":\"search_term_string\"}}],\"inLanguage\":\"de\"},{\"@type\":\"Organization\",\"@id\":\"https:\\\/\\\/space.aequa.cc\\\/#organization\",\"name\":\"aequa\",\"url\":\"https:\\\/\\\/space.aequa.cc\\\/\",\"logo\":{\"@type\":\"ImageObject\",\"inLanguage\":\"de\",\"@id\":\"https:\\\/\\\/space.aequa.cc\\\/#\\\/schema\\\/logo\\\/image\\\/\",\"url\":\"https:\\\/\\\/space.aequa.cc\\\/wp-content\\\/uploads\\\/2020\\\/06\\\/cropped-aequa_logo-color-1.png\",\"contentUrl\":\"https:\\\/\\\/space.aequa.cc\\\/wp-content\\\/uploads\\\/2020\\\/06\\\/cropped-aequa_logo-color-1.png\",\"width\":1256,\"height\":313,\"caption\":\"aequa\"},\"image\":{\"@id\":\"https:\\\/\\\/space.aequa.cc\\\/#\\\/schema\\\/logo\\\/image\\\/\"}}]}<\/script>\n<!-- \/ Yoast SEO plugin. -->","yoast_head_json":{"title":"Payment Info - aequa","robots":{"index":"index","follow":"follow","max-snippet":"max-snippet:-1","max-image-preview":"max-image-preview:large","max-video-preview":"max-video-preview:-1"},"canonical":"https:\/\/space.aequa.cc\/de\/payment-info\/","og_locale":"de_DE","og_type":"article","og_title":"Payment Info - aequa","og_description":"We greatly appreciate any financial contributions you can make to support our work. For events or workshops, we will always try to suggest a sliding scale of contributions based on your income. These contributions are split between the following costs: taxes, wages, contractors, debt, and operations costs (rent, supplies, software, administration fees, other bills). You ... Read More","og_url":"https:\/\/space.aequa.cc\/de\/payment-info\/","og_site_name":"aequa","article_modified_time":"2022-02-25T11:20:52+00:00","twitter_card":"summary_large_image","twitter_misc":{"Gesch\u00e4tzte Lesezeit":"1\u00a0Minute"},"schema":{"@context":"https:\/\/schema.org","@graph":[{"@type":"WebPage","@id":"https:\/\/space.aequa.cc\/payment-info\/","url":"https:\/\/space.aequa.cc\/payment-info\/","name":"Payment Info - aequa","isPartOf":{"@id":"https:\/\/space.aequa.cc\/#website"},"datePublished":"2022-01-25T16:40:20+00:00","dateModified":"2022-02-25T11:20:52+00:00","breadcrumb":{"@id":"https:\/\/space.aequa.cc\/payment-info\/#breadcrumb"},"inLanguage":"de","potentialAction":[{"@type":"ReadAction","target":["https:\/\/space.aequa.cc\/payment-info\/"]}]},{"@type":"BreadcrumbList","@id":"https:\/\/space.aequa.cc\/payment-info\/#breadcrumb","itemListElement":[{"@type":"ListItem","position":1,"name":"Home","item":"https:\/\/space.aequa.cc\/"},{"@type":"ListItem","position":2,"name":"Payment Info"}]},{"@type":"WebSite","@id":"https:\/\/space.aequa.cc\/#website","url":"https:\/\/space.aequa.cc\/","name":"aequa","description":"community for social equity","publisher":{"@id":"https:\/\/space.aequa.cc\/#organization"},"potentialAction":[{"@type":"SearchAction","target":{"@type":"EntryPoint","urlTemplate":"https:\/\/space.aequa.cc\/?s={search_term_string}"},"query-input":{"@type":"PropertyValueSpecification","valueRequired":true,"valueName":"search_term_string"}}],"inLanguage":"de"},{"@type":"Organization","@id":"https:\/\/space.aequa.cc\/#organization","name":"aequa","url":"https:\/\/space.aequa.cc\/","logo":{"@type":"ImageObject","inLanguage":"de","@id":"https:\/\/space.aequa.cc\/#\/schema\/logo\/image\/","url":"https:\/\/space.aequa.cc\/wp-content\/uploads\/2020\/06\/cropped-aequa_logo-color-1.png","contentUrl":"https:\/\/space.aequa.cc\/wp-content\/uploads\/2020\/06\/cropped-aequa_logo-color-1.png","width":1256,"height":313,"caption":"aequa"},"image":{"@id":"https:\/\/space.aequa.cc\/#\/schema\/logo\/image\/"}}]}},"_links":{"self":[{"href":"https:\/\/space.aequa.cc\/de\/wp-json\/wp\/v2\/pages\/4085","targetHints":{"allow":["GET"]}}],"collection":[{"href":"https:\/\/space.aequa.cc\/de\/wp-json\/wp\/v2\/pages"}],"about":[{"href":"https:\/\/space.aequa.cc\/de\/wp-json\/wp\/v2\/types\/page"}],"author":[{"embeddable":true,"href":"https:\/\/space.aequa.cc\/de\/wp-json\/wp\/v2\/users\/3"}],"replies":[{"embeddable":true,"href":"https:\/\/space.aequa.cc\/de\/wp-json\/wp\/v2\/comments?post=4085"}],"version-history":[{"count":7,"href":"https:\/\/space.aequa.cc\/de\/wp-json\/wp\/v2\/pages\/4085\/revisions"}],"predecessor-version":[{"id":4278,"href":"https:\/\/space.aequa.cc\/de\/wp-json\/wp\/v2\/pages\/4085\/revisions\/4278"}],"wp:attachment":[{"href":"https:\/\/space.aequa.cc\/de\/wp-json\/wp\/v2\/media?parent=4085"}],"curies":[{"name":"wp","href":"https:\/\/api.w.org\/{rel}","templated":true}]}}